{"id":137,"date":"2020-03-26T21:11:26","date_gmt":"2020-03-26T21:11:26","guid":{"rendered":"http:\/\/www.grupojsouto.com.br\/site\/?page_id=137"},"modified":"2025-05-20T20:33:12","modified_gmt":"2025-05-20T20:33:12","slug":"servicos","status":"publish","type":"page","link":"https:\/\/www.grupojsouto.com.br\/site\/servicos\/","title":{"rendered":"Servi\u00e7os"},"content":{"rendered":"\n\t<section class=\"section dark\" id=\"section_1454609568\">\n\t\t<div class=\"bg section-bg fill bg-fill  \" >\n\n\t\t\t\n\t\t\t<div class=\"section-bg-overlay absolute fill\"><\/div>\n\t\t\t\n\n\t\t<\/div>\n\n\t\t<div class=\"section-content relative\">\n\t\t\t\n\n<div class=\"row\"  id=\"row-217212601\">\n\n\n\t<div id=\"col-777043849\" class=\"col medium-8 small-12 large-6\"  >\n\t\t\t\t<div class=\"col-inner\"  >\n\t\t\t\n\t\t\t\n\n<h1><span style=\"font-size: 200%;\">Nossos Servi\u00e7os<\/span><\/h1>\n\n\t\t<\/div>\n\t\t\t\t\t<\/div>\n\n\t\n\n<\/div>\n\n\t\t<\/div>\n\n\t\t\n<style>\n#section_1454609568 {\n  padding-top: 30px;\n  padding-bottom: 30px;\n  min-height: 450px;\n  background-color: rgb(39, 54, 71);\n}\n#section_1454609568 .section-bg-overlay {\n  background-color: rgba(11, 21, 33, 0.72);\n}\n#section_1454609568 .section-bg.bg-loaded {\n  background-image: url(https:\/\/www.grupojsouto.com.br\/site\/wp-content\/uploads\/2021\/09\/Prancheta-6.png);\n}\n#section_1454609568 .section-bg {\n  background-position: 51% 13%;\n}\n<\/style>\n\t<\/section>\n\t\n<div class=\"row row-collapse align-right\"  id=\"row-2064114311\">\n\n\n\t<div id=\"col-794938532\" class=\"col medium-6 small-12 large-6\"  >\n\t\t\t\t<div class=\"col-inner\" style=\"background-color:rgb(169, 121, 23);\" >\n\t\t\t\n\t\t\t\n\n\t<section class=\"section\" id=\"section_1190333253\">\n\t\t<div class=\"bg section-bg fill bg-fill  bg-loaded\" >\n\n\t\t\t\n\t\t\t\n\t\t\t\n\n\t\t<\/div>\n\n\t\t<div class=\"section-content relative\">\n\t\t\t\n\n<div class=\"row row-collapse align-center\"  id=\"row-1436833810\">\n\n\n\t<div id=\"col-1913527995\" class=\"col small-12 large-12\"  >\n\t\t\t\t<div class=\"col-inner dark\"  >\n\t\t\t\n\t\t\t\n\n<h2 style=\"text-align: left;\"><span style=\"font-size: 120%;\">Buscamos o melhor n\u00edvel de qualidade.<br \/>Cumprimos todos os prazos exigidos.<\/span><\/h2>\n<a href=\"\/site\/contato\" target=\"_self\" class=\"button white is-link\"  >\n    <span>conte com a gente<\/span>\n  <i class=\"icon-angle-right\" ><\/i><\/a>\n\n\n\n\t\t<\/div>\n\t\t\t\t\t<\/div>\n\n\t\n\n\n<style>\n#row-1436833810 > .col > .col-inner {\n  padding: 40px 20px 20px 20px;\n}\n<\/style>\n<\/div>\n\n\t\t<\/div>\n\n\t\t\n<style>\n#section_1190333253 {\n  padding-top: 0px;\n  padding-bottom: 0px;\n}\n<\/style>\n\t<\/section>\n\t\n\n\t\t<\/div>\n\t\t\t\t\n<style>\n#col-794938532 > .col-inner {\n  margin: -80px 0px 80px 0px;\n}\n<\/style>\n\t<\/div>\n\n\t\n\n<\/div>\n<div class=\"row align-equal\"  id=\"row-353009844\">\n\n\n\t<div id=\"col-1910995935\" class=\"col medium-3 small-12 large-3\"  >\n\t\t\t\t<div class=\"col-inner\"  >\n\t\t\t\n\t\t\t\n\n\t<section class=\"section\" id=\"section_1704665857\">\n\t\t<div class=\"bg section-bg fill bg-fill  bg-loaded\" >\n\n\t\t\t\n\t\t\t\n\t\t\t\n\t<div class=\"is-border\"\n\t\tstyle=\"border-color:rgb(39, 54, 71);border-width:2px 2px 2px 2px;\">\n\t<\/div>\n\n\t\t<\/div>\n\n\t\t<div class=\"section-content relative\">\n\t\t\t\n\n<p><span>01<\/span><\/p>\n<h2>Constru\u00e7\u00f5es<\/h2>\n<p>Executamos servi\u00e7os dos mais variados no ramo da constru\u00e7\u00e3o civil, desde a elabora\u00e7\u00e3o dos projetos \u00e0 entrega definitiva da edifica\u00e7\u00e3o. Executamos obras em diversos ramos de atividades: religiosa, hospitalar, com\u00e9rcio varejista e residencial.<\/p>\n\n\t\t<\/div>\n\n\t\t\n<style>\n#section_1704665857 {\n  padding-top: 30px;\n  padding-bottom: 30px;\n}\n<\/style>\n\t<\/section>\n\t\n\n\t\t<\/div>\n\t\t\t\t\t<\/div>\n\n\t\n\n\t<div id=\"col-3131055\" class=\"col medium-3 small-12 large-3\"  >\n\t\t\t\t<div class=\"col-inner\"  >\n\t\t\t\n\t\t\t\n\n\t<section class=\"section dark\" id=\"section_491730944\">\n\t\t<div class=\"bg section-bg fill bg-fill  bg-loaded\" >\n\n\t\t\t\n\t\t\t\n\t\t\t\n\t<div class=\"is-border\"\n\t\tstyle=\"border-color:rgb(39, 54, 71);border-width:2px 2px 2px 2px;\">\n\t<\/div>\n\n\t\t<\/div>\n\n\t\t<div class=\"section-content relative\">\n\t\t\t\n\n<p><span>02<\/span><\/p>\n<h2>Reformas<\/h2>\n<p>Executamos reformas em edifica\u00e7\u00f5es de todos os padr\u00f5es e em todo o territ\u00f3rio nacional, com amplia\u00e7\u00e3o e supress\u00e3o de \u00e1reas constru\u00eddas para a implanta\u00e7\u00e3o de diversos segmentos comerciais, religiosos e hospitalares.<\/p>\n\n\t\t<\/div>\n\n\t\t\n<style>\n#section_491730944 {\n  padding-top: 30px;\n  padding-bottom: 30px;\n  background-color: rgb(0, 51, 78);\n}\n<\/style>\n\t<\/section>\n\t\n\n\t\t<\/div>\n\t\t\t\t\t<\/div>\n\n\t\n\n\t<div id=\"col-360766914\" class=\"col medium-3 small-12 large-3\"  >\n\t\t\t\t<div class=\"col-inner\"  >\n\t\t\t\n\t\t\t\n\n\t<section class=\"section\" id=\"section_1631455835\">\n\t\t<div class=\"bg section-bg fill bg-fill  bg-loaded\" >\n\n\t\t\t\n\t\t\t\n\t\t\t\n\t<div class=\"is-border\"\n\t\tstyle=\"border-color:rgb(39, 54, 71);border-width:2px 2px 2px 2px;\">\n\t<\/div>\n\n\t\t<\/div>\n\n\t\t<div class=\"section-content relative\">\n\t\t\t\n\n<p><span>03<\/span><\/p>\n<h2>Lojas e ag\u00eancias<\/h2>\n<p>Executamos obras para implanta\u00e7\u00e3o de lojas do com\u00e9rcio varejista e ag\u00eancias em Shopping Centers ou endere\u00e7os comerciais de nossos clientes em todo o territ\u00f3rio nacional.<\/p>\n\n\t\t<\/div>\n\n\t\t\n<style>\n#section_1631455835 {\n  padding-top: 30px;\n  padding-bottom: 30px;\n}\n<\/style>\n\t<\/section>\n\t\n\n\t\t<\/div>\n\t\t\t\t\t<\/div>\n\n\t\n\n\t<div id=\"col-158958092\" class=\"col medium-3 small-12 large-3\"  >\n\t\t\t\t<div class=\"col-inner\"  >\n\t\t\t\n\t\t\t\n\n\t<section class=\"section dark\" id=\"section_681744414\">\n\t\t<div class=\"bg section-bg fill bg-fill  bg-loaded\" >\n\n\t\t\t\n\t\t\t\n\t\t\t\n\t<div class=\"is-border\"\n\t\tstyle=\"border-color:rgb(39, 54, 71);border-width:2px 2px 2px 2px;\">\n\t<\/div>\n\n\t\t<\/div>\n\n\t\t<div class=\"section-content relative\">\n\t\t\t\n\n<p><span>04<\/span><\/p>\n<h2>Instala\u00e7\u00f5es prediais<\/h2>\n<p>Possu\u00edmos equipe t\u00e9cnica pr\u00f3pria capacitada e com experi\u00eancia que atua desde a an\u00e1lise cr\u00edtica dos projetos recebidos at\u00e9 a execu\u00e7\u00e3o das instala\u00e7\u00f5es prediais em nossas obras, com foco na redu\u00e7\u00e3o de custos e melhoria da efici\u00eancia da edifica\u00e7\u00e3o. <\/p>\n\n\t\t<\/div>\n\n\t\t\n<style>\n#section_681744414 {\n  padding-top: 30px;\n  padding-bottom: 30px;\n  background-color: rgb(0, 51, 78);\n}\n<\/style>\n\t<\/section>\n\t\n\n\t\t<\/div>\n\t\t\t\t\t<\/div>\n\n\t\n\n<\/div>\n<div class=\"row align-equal\"  id=\"row-416701287\">\n\n\n\t<div id=\"col-1188536488\" class=\"col medium-3 small-12 large-3\"  >\n\t\t\t\t<div class=\"col-inner\"  >\n\t\t\t\n\t\t\t\n\n\t<section class=\"section\" id=\"section_523100028\">\n\t\t<div class=\"bg section-bg fill bg-fill  bg-loaded\" >\n\n\t\t\t\n\t\t\t\n\t\t\t\n\t<div class=\"is-border\"\n\t\tstyle=\"border-color:rgb(39, 54, 71);border-width:2px 2px 2px 2px;\">\n\t<\/div>\n\n\t\t<\/div>\n\n\t\t<div class=\"section-content relative\">\n\t\t\t\n\n<p><span>05<\/span><\/p>\n<h2>Sistema de inc\u00eandio<\/h2>\n<p>Nossos profissionais est\u00e3o preparados para atuar desde a elabora\u00e7\u00e3o de projetos t\u00e9cnicos, execu\u00e7\u00e3o das instala\u00e7\u00f5es de detec\u00e7\u00e3o, alarme e combate \u00e0 inc\u00eandios, e obten\u00e7\u00e3o do AVCB de nossas obras.<\/p>\n\n\t\t<\/div>\n\n\t\t\n<style>\n#section_523100028 {\n  padding-top: 30px;\n  padding-bottom: 30px;\n}\n<\/style>\n\t<\/section>\n\t\n\n\t\t<\/div>\n\t\t\t\t\t<\/div>\n\n\t\n\n\t<div id=\"col-1508885048\" class=\"col medium-3 small-12 large-3\"  >\n\t\t\t\t<div class=\"col-inner\"  >\n\t\t\t\n\t\t\t\n\n\t<section class=\"section dark\" id=\"section_1766244135\">\n\t\t<div class=\"bg section-bg fill bg-fill  bg-loaded\" >\n\n\t\t\t\n\t\t\t\n\t\t\t\n\t<div class=\"is-border\"\n\t\tstyle=\"border-color:rgb(39, 54, 71);border-width:2px 2px 2px 2px;\">\n\t<\/div>\n\n\t\t<\/div>\n\n\t\t<div class=\"section-content relative\">\n\t\t\t\n\n<p><span>06<\/span><\/p>\n<h2>Sistema de Ar<\/h2>\n<p>Possu\u00edmos vasta experi\u00eancia em diversos sistemas de climatiza\u00e7\u00e3o: \u00e1gua gelada, VRF, expans\u00e3o direta, dutados ou n\u00e3o. Realizamos todos os servi\u00e7os desde a an\u00e1lise de projetos, execu\u00e7\u00e3o das instala\u00e7\u00f5es e comissionamento e balanceamento dos sistemas.<\/p>\n\n\t\t<\/div>\n\n\t\t\n<style>\n#section_1766244135 {\n  padding-top: 30px;\n  padding-bottom: 30px;\n  background-color: rgb(0, 51, 78);\n}\n<\/style>\n\t<\/section>\n\t\n\n\t\t<\/div>\n\t\t\t\t\t<\/div>\n\n\t\n\n\t<div id=\"col-798859170\" class=\"col medium-3 small-12 large-3\"  >\n\t\t\t\t<div class=\"col-inner\"  >\n\t\t\t\n\t\t\t\n\n\t<section class=\"section\" id=\"section_1295643333\">\n\t\t<div class=\"bg section-bg fill bg-fill  bg-loaded\" >\n\n\t\t\t\n\t\t\t\n\t\t\t\n\t<div class=\"is-border\"\n\t\tstyle=\"border-color:rgb(39, 54, 71);border-width:2px 2px 2px 2px;\">\n\t<\/div>\n\n\t\t<\/div>\n\n\t\t<div class=\"section-content relative\">\n\t\t\t\n\n<p><span>07<\/span><\/p>\n<h2>Projetos<\/h2>\n<p>Contamos com projetistas pr\u00f3prios e parceiros de todas as \u00e1reas da engenharia e arquitetura.<\/p>\n\n\t\t<\/div>\n\n\t\t\n<style>\n#section_1295643333 {\n  padding-top: 30px;\n  padding-bottom: 30px;\n}\n<\/style>\n\t<\/section>\n\t\n\n\t\t<\/div>\n\t\t\t\t\t<\/div>\n\n\t\n\n\t<div id=\"col-442606494\" class=\"col medium-3 small-12 large-3\"  >\n\t\t\t\t<div class=\"col-inner\"  >\n\t\t\t\n\t\t\t\n\n\t<section class=\"section dark\" id=\"section_1160601216\">\n\t\t<div class=\"bg section-bg fill bg-fill  bg-loaded\" >\n\n\t\t\t\n\t\t\t\n\t\t\t\n\t<div class=\"is-border\"\n\t\tstyle=\"border-color:rgb(39, 54, 71);border-width:2px 2px 2px 2px;\">\n\t<\/div>\n\n\t\t<\/div>\n\n\t\t<div class=\"section-content relative\">\n\t\t\t\n\n<p><span>08<\/span><\/p>\n<h2>Loteamentos<\/h2>\n<p>Atuamos desde a an\u00e1lise de viabilidade, elabora\u00e7\u00e3o de projetos, aprova\u00e7\u00f5es nos \u00f3rg\u00e3os competentes, comercializa\u00e7\u00e3o e execu\u00e7\u00e3o de toda a infra-estrutura e sistema vi\u00e1rio.<\/p>\n\n\t\t<\/div>\n\n\t\t\n<style>\n#section_1160601216 {\n  padding-top: 30px;\n  padding-bottom: 30px;\n  background-color: rgb(0, 51, 78);\n}\n<\/style>\n\t<\/section>\n\t\n\n\t\t<\/div>\n\t\t\t\t\t<\/div>\n\n\t\n\n<\/div>\n\t<section class=\"section\" id=\"section_1120757311\">\n\t\t<div class=\"bg section-bg fill bg-fill  bg-loaded\" >\n\n\t\t\t\n\t\t\t\n\t\t\t\n\n\t\t<\/div>\n\n\t\t<div class=\"section-content relative\">\n\t\t\t\n\n<div class=\"row align-middle\"  id=\"row-290121000\">\n\n\n\t<div id=\"col-568818331\" class=\"col medium-6 small-12 large-6\"  >\n\t\t\t\t<div class=\"col-inner\"  >\n\t\t\t\n\t\t\t\n\n<h2>Vamos come\u00e7ar uma aventura juntos<\/h2>\n<p style=\"text-align: justify;\">A Construtora JSouto trabalha sempre com o intuito de atingir os n\u00edveis de qualidade que satisfa\u00e7am o cliente e superem as suas expectativas. Uma das prioridades \u00e9 o cumprimento dos prazos exigidos, a pre\u00e7os competitivos.<\/p>\n<a href=\"\/site\/contato\" target=\"_self\" class=\"button primary is-link\"  >\n    <span>time campe\u00e3o<\/span>\n  <i class=\"icon-angle-right\" ><\/i><\/a>\n\n\n\n\t\t<\/div>\n\t\t\t\t\t<\/div>\n\n\t\n\n\t<div id=\"col-1573817107\" class=\"col medium-6 small-12 large-6\"  >\n\t\t\t\t<div class=\"col-inner\"  >\n\t\t\t\n\t\t\t\n\n\n  <div class=\"banner has-hover\" id=\"banner-995463933\">\n          <div class=\"banner-inner fill\">\n        <div class=\"banner-bg fill\" >\n            <div class=\"bg fill bg-fill \"><\/div>\n                                    \n                    <\/div>\n        <div class=\"banner-layers container\">\n            <div class=\"fill banner-link\"><\/div>            \n\n\n        <\/div>\n      <\/div>\n\n            \n<style>\n#banner-995463933 {\n  padding-top: 60%;\n}\n#banner-995463933 .bg.bg-loaded {\n  background-image: url(https:\/\/www.grupojsouto.com.br\/site\/wp-content\/uploads\/2020\/03\/tim-van-der-kuip-CPs2X8JYmS8-unsplash-edited.jpg);\n}\n<\/style>\n  <\/div>\n\n\n\n\t\t<\/div>\n\t\t\t\t\t<\/div>\n\n\t\n\n<\/div>\n\n\t\t<\/div>\n\n\t\t\n<style>\n#section_1120757311 {\n  padding-top: 80px;\n  padding-bottom: 80px;\n}\n<\/style>\n\t<\/section>\n\t\n\t<section class=\"section dark\" id=\"section_512458888\">\n\t\t<div class=\"bg section-bg fill bg-fill  bg-loaded\" >\n\n\t\t\t\n\t\t\t\n\t\t\t\n\n\t\t<\/div>\n\n\t\t<div class=\"section-content relative\">\n\t\t\t\n\n<div class=\"row row-solid\"  id=\"row-1277827434\">\n\n\n\t<div id=\"col-2007629031\" class=\"col medium-3 small-6 large-3\"  >\n\t\t\t\t<div class=\"col-inner text-center\"  >\n\t\t\t\n\t\t\t\n\n<h2><span style=\"font-size: 120%;\">+200<\/span><\/h2>\n<p>Obras realizadas<\/p>\n\n\t\t<\/div>\n\t\t\t\t\t<\/div>\n\n\t\n\n\t<div id=\"col-1336107408\" class=\"col medium-3 small-6 large-3\"  >\n\t\t\t\t<div class=\"col-inner text-center\"  >\n\t\t\t\n\t\t\t\n\n<h2><span style=\"font-size: 120%;\"> 2002 <\/span><\/h2>\n<p>23 anos de experiencia<\/p>\n\n\n\t\t<\/div>\n\t\t\t\t\t<\/div>\n\n\t\n\n\t<div id=\"col-400599444\" class=\"col medium-3 small-6 large-3\"  >\n\t\t\t\t<div class=\"col-inner text-center\"  >\n\t\t\t\n\t\t\t\n\n<h2><span style=\"font-size: 120%;\">+200<\/span><\/h2>\n<p>Clientes atendidos<\/p>\n\n\t\t<\/div>\n\t\t\t\t\t<\/div>\n\n\t\n\n\t<div id=\"col-69900751\" class=\"col medium-3 small-6 large-3\"  >\n\t\t\t\t<div class=\"col-inner text-center\"  >\n\t\t\t\n\t\t\t\n\n<h2><span style=\"font-size: 120%;\">4.98\/5<\/span><\/h2>\n<p>Avalia\u00e7\u00e3o do cliente<\/p>\n\n\t\t<\/div>\n\t\t\t\t\t<\/div>\n\n\t\n\n<\/div>\n\n\t\t<\/div>\n\n\t\t\n<style>\n#section_512458888 {\n  padding-top: 60px;\n  padding-bottom: 60px;\n  background-color: rgb(0, 51, 78);\n}\n<\/style>\n\t<\/section>\n\t\n\n","protected":false},"excerpt":{"rendered":"","protected":false},"author":1,"featured_media":0,"parent":0,"menu_order":0,"comment_status":"closed","ping_status":"closed","template":"page-transparent-header.php","meta":{"footnotes":""},"class_list":["post-137","page","type-page","status-publish","hentry"],"yoast_head":"<!-- This site is optimized with the Yoast SEO plugin v24.1 - https:\/\/yoast.com\/wordpress\/plugins\/seo\/ -->\n<title>Servi\u00e7os - Grupo JSouto<\/title>\n<meta name=\"robots\" content=\"index, follow, max-snippet:-1, max-image-preview:large, max-video-preview:-1\" \/>\n<link rel=\"canonical\" href=\"https:\/\/www.grupojsouto.com.br\/site\/servicos\/\" \/>\n<meta property=\"og:locale\" content=\"pt_BR\" \/>\n<meta property=\"og:type\" content=\"article\" \/>\n<meta property=\"og:title\" content=\"Servi\u00e7os - Grupo JSouto\" \/>\n<meta property=\"og:url\" content=\"https:\/\/www.grupojsouto.com.br\/site\/servicos\/\" \/>\n<meta property=\"og:site_name\" content=\"Grupo JSouto\" \/>\n<meta property=\"article:modified_time\" content=\"2025-05-20T20:33:12+00:00\" \/>\n<meta name=\"twitter:card\" content=\"summary_large_image\" \/>\n<meta name=\"twitter:label1\" content=\"Est. tempo de leitura\" \/>\n\t<meta name=\"twitter:data1\" content=\"3 minutos\" \/>\n<script type=\"application\/ld+json\" class=\"yoast-schema-graph\">{\"@context\":\"https:\/\/schema.org\",\"@graph\":[{\"@type\":\"WebPage\",\"@id\":\"https:\/\/www.grupojsouto.com.br\/site\/servicos\/\",\"url\":\"https:\/\/www.grupojsouto.com.br\/site\/servicos\/\",\"name\":\"Servi\u00e7os - Grupo JSouto\",\"isPartOf\":{\"@id\":\"https:\/\/www.grupojsouto.com.br\/site\/#website\"},\"datePublished\":\"2020-03-26T21:11:26+00:00\",\"dateModified\":\"2025-05-20T20:33:12+00:00\",\"breadcrumb\":{\"@id\":\"https:\/\/www.grupojsouto.com.br\/site\/servicos\/#breadcrumb\"},\"inLanguage\":\"pt-BR\",\"potentialAction\":[{\"@type\":\"ReadAction\",\"target\":[\"https:\/\/www.grupojsouto.com.br\/site\/servicos\/\"]}]},{\"@type\":\"BreadcrumbList\",\"@id\":\"https:\/\/www.grupojsouto.com.br\/site\/servicos\/#breadcrumb\",\"itemListElement\":[{\"@type\":\"ListItem\",\"position\":1,\"name\":\"In\u00edcio\",\"item\":\"https:\/\/www.grupojsouto.com.br\/site\/\"},{\"@type\":\"ListItem\",\"position\":2,\"name\":\"Servi\u00e7os\"}]},{\"@type\":\"WebSite\",\"@id\":\"https:\/\/www.grupojsouto.com.br\/site\/#website\",\"url\":\"https:\/\/www.grupojsouto.com.br\/site\/\",\"name\":\"Grupo JSouto\",\"description\":\"Desde 2002\",\"potentialAction\":[{\"@type\":\"SearchAction\",\"target\":{\"@type\":\"EntryPoint\",\"urlTemplate\":\"https:\/\/www.grupojsouto.com.br\/site\/?s={search_term_string}\"},\"query-input\":{\"@type\":\"PropertyValueSpecification\",\"valueRequired\":true,\"valueName\":\"search_term_string\"}}],\"inLanguage\":\"pt-BR\"}]}<\/script>\n<!-- \/ Yoast SEO plugin. -->","yoast_head_json":{"title":"Servi\u00e7os - Grupo JSouto","robots":{"index":"index","follow":"follow","max-snippet":"max-snippet:-1","max-image-preview":"max-image-preview:large","max-video-preview":"max-video-preview:-1"},"canonical":"https:\/\/www.grupojsouto.com.br\/site\/servicos\/","og_locale":"pt_BR","og_type":"article","og_title":"Servi\u00e7os - Grupo JSouto","og_url":"https:\/\/www.grupojsouto.com.br\/site\/servicos\/","og_site_name":"Grupo JSouto","article_modified_time":"2025-05-20T20:33:12+00:00","twitter_card":"summary_large_image","twitter_misc":{"Est. tempo de leitura":"3 minutos"},"schema":{"@context":"https:\/\/schema.org","@graph":[{"@type":"WebPage","@id":"https:\/\/www.grupojsouto.com.br\/site\/servicos\/","url":"https:\/\/www.grupojsouto.com.br\/site\/servicos\/","name":"Servi\u00e7os - Grupo JSouto","isPartOf":{"@id":"https:\/\/www.grupojsouto.com.br\/site\/#website"},"datePublished":"2020-03-26T21:11:26+00:00","dateModified":"2025-05-20T20:33:12+00:00","breadcrumb":{"@id":"https:\/\/www.grupojsouto.com.br\/site\/servicos\/#breadcrumb"},"inLanguage":"pt-BR","potentialAction":[{"@type":"ReadAction","target":["https:\/\/www.grupojsouto.com.br\/site\/servicos\/"]}]},{"@type":"BreadcrumbList","@id":"https:\/\/www.grupojsouto.com.br\/site\/servicos\/#breadcrumb","itemListElement":[{"@type":"ListItem","position":1,"name":"In\u00edcio","item":"https:\/\/www.grupojsouto.com.br\/site\/"},{"@type":"ListItem","position":2,"name":"Servi\u00e7os"}]},{"@type":"WebSite","@id":"https:\/\/www.grupojsouto.com.br\/site\/#website","url":"https:\/\/www.grupojsouto.com.br\/site\/","name":"Grupo JSouto","description":"Desde 2002","potentialAction":[{"@type":"SearchAction","target":{"@type":"EntryPoint","urlTemplate":"https:\/\/www.grupojsouto.com.br\/site\/?s={search_term_string}"},"query-input":{"@type":"PropertyValueSpecification","valueRequired":true,"valueName":"search_term_string"}}],"inLanguage":"pt-BR"}]}},"_links":{"self":[{"href":"https:\/\/www.grupojsouto.com.br\/site\/wp-json\/wp\/v2\/pages\/137"}],"collection":[{"href":"https:\/\/www.grupojsouto.com.br\/site\/wp-json\/wp\/v2\/pages"}],"about":[{"href":"https:\/\/www.grupojsouto.com.br\/site\/wp-json\/wp\/v2\/types\/page"}],"author":[{"embeddable":true,"href":"https:\/\/www.grupojsouto.com.br\/site\/wp-json\/wp\/v2\/users\/1"}],"replies":[{"embeddable":true,"href":"https:\/\/www.grupojsouto.com.br\/site\/wp-json\/wp\/v2\/comments?post=137"}],"version-history":[{"count":19,"href":"https:\/\/www.grupojsouto.com.br\/site\/wp-json\/wp\/v2\/pages\/137\/revisions"}],"predecessor-version":[{"id":381,"href":"https:\/\/www.grupojsouto.com.br\/site\/wp-json\/wp\/v2\/pages\/137\/revisions\/381"}],"wp:attachment":[{"href":"https:\/\/www.grupojsouto.com.br\/site\/wp-json\/wp\/v2\/media?parent=137"}],"curies":[{"name":"wp","href":"https:\/\/api.w.org\/{rel}","templated":true}]}}