{"id":158,"date":"2020-03-26T23:59:54","date_gmt":"2020-03-26T23:59:54","guid":{"rendered":"http:\/\/www.grupojsouto.com.br\/site\/?page_id=158"},"modified":"2025-01-21T21:51:39","modified_gmt":"2025-01-21T21:51:39","slug":"quem-somos","status":"publish","type":"page","link":"https:\/\/www.grupojsouto.com.br\/site\/quem-somos\/","title":{"rendered":"Quem somos"},"content":{"rendered":"\n\t<section class=\"section dark\" id=\"section_1103265230\">\n\t\t<div class=\"bg section-bg fill bg-fill  \" >\n\n\t\t\t\n\t\t\t<div class=\"section-bg-overlay absolute fill\"><\/div>\n\t\t\t\n\n\t\t<\/div>\n\n\t\t<div class=\"section-content relative\">\n\t\t\t\n\n<div class=\"row\"  id=\"row-706351793\">\n\n\n\t<div id=\"col-18241012\" class=\"col medium-8 small-12 large-6\"  >\n\t\t\t\t<div class=\"col-inner\"  >\n\t\t\t\n\t\t\t\n\n<p><span>JSouto Construtora<\/span><\/p>\n<h1><span style=\"font-size: 200%;\">Quem Somos<\/span><\/h1>\n\n\t\t<\/div>\n\t\t\t\t\t<\/div>\n\n\t\n\n<\/div>\n\n\t\t<\/div>\n\n\t\t\n<style>\n#section_1103265230 {\n  padding-top: 30px;\n  padding-bottom: 30px;\n  min-height: 450px;\n  background-color: rgb(39, 54, 71);\n}\n#section_1103265230 .section-bg-overlay {\n  background-color: rgba(11, 21, 33, 0.8);\n}\n#section_1103265230 .section-bg.bg-loaded {\n  background-image: url(https:\/\/www.grupojsouto.com.br\/site\/wp-content\/uploads\/2020\/03\/07-scaled.jpg);\n}\n#section_1103265230 .section-bg {\n  background-position: 35% 61%;\n}\n<\/style>\n\t<\/section>\n\t\n<div class=\"row row-collapse align-right\"  id=\"row-2132593902\">\n\n\n\t<div id=\"col-547925822\" class=\"col medium-6 small-12 large-6\"  >\n\t\t\t\t<div class=\"col-inner\" style=\"background-color:rgb(169, 121, 23);\" >\n\t\t\t\n\t\t\t\n\n\t<section class=\"section\" id=\"section_1365413148\">\n\t\t<div class=\"bg section-bg fill bg-fill  bg-loaded\" >\n\n\t\t\t\n\t\t\t\n\t\t\t\n\n\t\t<\/div>\n\n\t\t<div class=\"section-content relative\">\n\t\t\t\n\n<div class=\"row row-collapse align-center\"  id=\"row-1182437924\">\n\n\n\t<div id=\"col-1581746699\" class=\"col small-12 large-12\"  >\n\t\t\t\t<div class=\"col-inner dark\"  >\n\t\t\t\n\t\t\t\n\n<h2><span style=\"font-size: 120%;\">23 anos construindo. <br \/>Atuando em todo Brasil.<\/span><\/h2>\n\n\n\t\t<\/div>\n\t\t\t\t\t<\/div>\n\n\t\n\n\n<style>\n#row-1182437924 > .col > .col-inner {\n  padding: 40px 20px 20px 20px;\n}\n<\/style>\n<\/div>\n\n\t\t<\/div>\n\n\t\t\n<style>\n#section_1365413148 {\n  padding-top: 30px;\n  padding-bottom: 30px;\n}\n<\/style>\n\t<\/section>\n\t\n\n\t\t<\/div>\n\t\t\t\t\n<style>\n#col-547925822 > .col-inner {\n  margin: -80px 0px 80px 0px;\n}\n<\/style>\n\t<\/div>\n\n\t\n\n<\/div>\n<div class=\"row\"  id=\"row-1437194344\">\n\n\n\t<div id=\"col-530647601\" class=\"col small-12 large-12\"  >\n\t\t\t\t<div class=\"col-inner\"  >\n\t\t\t\n\t\t\t\n\n<p style=\"text-align: justify;\">Desde 2002 a Construtora JSouto vem trabalhando, se aperfei\u00e7oando continuamente e acumulando cases de sucesso em todo o territ\u00f3rio nacional. Nosso ponto focal est\u00e1 na qualidade, prazo, execu\u00e7\u00e3o de servi\u00e7os com excel\u00eancia em engenharia e metodologias construtivas modernas. Nosso objetivo \u00e9 sempre surpreender positivamente nossos clientes.<\/p>\n\n\t\t<\/div>\n\t\t\t\t\t<\/div>\n\n\t\n\n<\/div>\n<div class=\"row align-equal\"  id=\"row-1263142650\">\n\n\n\t<div id=\"col-252424655\" class=\"col medium-4 small-12 large-4\"  >\n\t\t\t\t<div class=\"col-inner\"  >\n\t\t\t\n\t\t\t\n\n\t<section class=\"section\" id=\"section_967148864\">\n\t\t<div class=\"bg section-bg fill bg-fill  bg-loaded\" >\n\n\t\t\t\n\t\t\t\n\t\t\t\n\t<div class=\"is-border\"\n\t\tstyle=\"border-color:rgb(218, 165, 32);border-width:2px 2px 2px 2px;\">\n\t<\/div>\n\n\t\t<\/div>\n\n\t\t<div class=\"section-content relative\">\n\t\t\t\n\n<p><b><\/p>\n<h2>Miss\u00e3o<\/h2>\n<p style=\"text-align: left;\">Atuar no mercado da constru\u00e7\u00e3o civil adotando boas pr\u00e1ticas socioambientais, valorizando a meritocracia, a \u00e9tica e o profissionalismo, buscando constantemente a excel\u00eancia e supera\u00e7\u00e3o das expectativas dos seus clientes.<\/p>\n<p><\/b><\/p>\n\n\t\t<\/div>\n\n\t\t\n<style>\n#section_967148864 {\n  padding-top: 30px;\n  padding-bottom: 30px;\n}\n<\/style>\n\t<\/section>\n\t\n\n\t\t<\/div>\n\t\t\t\t\t<\/div>\n\n\t\n\n\t<div id=\"col-2126729930\" class=\"col medium-4 small-12 large-4\"  >\n\t\t\t\t<div class=\"col-inner\"  >\n\t\t\t\n\t\t\t\n\n\t<section class=\"section dark\" id=\"section_1156364896\">\n\t\t<div class=\"bg section-bg fill bg-fill  bg-loaded\" >\n\n\t\t\t\n\t\t\t\n\t\t\t\n\t<div class=\"is-border\"\n\t\tstyle=\"border-color:rgb(218, 165, 32);border-width:2px 2px 2px 2px;\">\n\t<\/div>\n\n\t\t<\/div>\n\n\t\t<div class=\"section-content relative\">\n\t\t\t\n\n<p><b><\/p>\n<h2>Vis\u00e3o<\/h2>\n<p style=\"text-align: left;\">Ser uma empresa refer\u00eancia no mercado da constru\u00e7\u00e3o civil predial, competitiva e comprometida com o cliente.<\/p>\n<p><\/b><\/p>\n\n\t\t<\/div>\n\n\t\t\n<style>\n#section_1156364896 {\n  padding-top: 30px;\n  padding-bottom: 30px;\n  background-color: rgb(0, 51, 78);\n}\n<\/style>\n\t<\/section>\n\t\n\n\t\t<\/div>\n\t\t\t\t\t<\/div>\n\n\t\n\n\t<div id=\"col-1823953716\" class=\"col medium-4 small-12 large-4\"  >\n\t\t\t\t<div class=\"col-inner\"  >\n\t\t\t\n\t\t\t\n\n\t<section class=\"section\" id=\"section_1763207314\">\n\t\t<div class=\"bg section-bg fill bg-fill  bg-loaded\" >\n\n\t\t\t\n\t\t\t\n\t\t\t\n\t<div class=\"is-border\"\n\t\tstyle=\"border-color:rgb(218, 165, 32);border-width:2px 2px 2px 2px;\">\n\t<\/div>\n\n\t\t<\/div>\n\n\t\t<div class=\"section-content relative\">\n\t\t\t\n\n<p><b><\/p>\n<h2>Valores<\/h2>\n<p><strong>Valoriza\u00e7\u00e3o das pessoas<\/strong><br \/>Contribuir para o desenvolvimento pessoal e profissional dos colaboradores.<br \/><strong>Meritocracia<\/strong> <br \/> Reconhecimento profissional vinculado ao desempenho.<br \/><strong>Colabora\u00e7\u00e3o<\/strong><br \/> Estar predisposto a atender os colegas.<br \/><strong>Objetividade<\/strong> <br \/>Tratar as situa\u00e7\u00f5es de maneira objetiva.<br \/><strong>Compromisso<\/strong> <br \/>Responsabilidade e cumplicidade com e entre os colaboradores, com a sociedade (socioambiental), com a empresa e seus objetivos.<br \/><strong>Cliente<\/strong><br \/> Superar suas expectativas.<\/p>\n<p><\/b><\/p>\n\n\t\t<\/div>\n\n\t\t\n<style>\n#section_1763207314 {\n  padding-top: 30px;\n  padding-bottom: 30px;\n}\n<\/style>\n\t<\/section>\n\t\n\n\t\t<\/div>\n\t\t\t\t\t<\/div>\n\n\t\n\n<\/div>\n\t<section class=\"section home-hero\" id=\"section_1247748851\">\n\t\t<div class=\"bg section-bg fill bg-fill  bg-loaded\" >\n\n\t\t\t\n\t\t\t\n\t\t\t\n\n\t\t<\/div>\n\n\t\t<div class=\"section-content relative\">\n\t\t\t\n\n\t<div id=\"gap-1479338012\" class=\"gap-element clearfix\" style=\"display:block; height:auto;\">\n\t\t\n<style>\n#gap-1479338012 {\n  padding-top: 40px;\n}\n<\/style>\n\t<\/div>\n\t\n\n<div class=\"row\"  id=\"row-671990700\">\n\n\n\t<div id=\"col-810733611\" class=\"col medium-8 small-12 large-8\"  >\n\t\t\t\t<div class=\"col-inner\"  >\n\t\t\t\n\t\t\t\n\n<h2><span style=\"font-size: 150%;\">A nossa estrutura<\/span><br \/><span style=\"font-size: 150%;\">pronta para voc\u00ea!<\/span><\/h2>\n\n\t\t<\/div>\n\t\t\t\t\t<\/div>\n\n\t\n\n\t<div id=\"col-241091252\" class=\"col medium-4 small-12 large-4\"  >\n\t\t\t\t<div class=\"col-inner\"  >\n\t\t\t\n\t\t\t\n\n<p style=\"text-align: justify;\">Um espa\u00e7o preparado para atender a demandas das mais complexas \u00e0s mais simples. Venha nos visitar.<\/p>\n\n\t\t<\/div>\n\t\t\t\t\t<\/div>\n\n\t\n\n<\/div>\n\n\t\t<\/div>\n\n\t\t\n<style>\n#section_1247748851 {\n  padding-top: 25px;\n  padding-bottom: 25px;\n  background-color: rgb(255,255,255);\n}\n@media (min-width:550px) {\n  #section_1247748851 {\n    padding-top: 60px;\n    padding-bottom: 60px;\n  }\n}\n<\/style>\n\t<\/section>\n\t\n\t<section class=\"section dark\" id=\"section_53480113\">\n\t\t<div class=\"bg section-bg fill bg-fill  bg-loaded\" >\n\n\t\t\t\n\t\t\t\n\t\t\t\n\n\t\t<\/div>\n\n\t\t<div class=\"section-content relative\">\n\t\t\t\n\n<div class=\"row\"  id=\"row-1288680957\">\n\n\n\t<div id=\"col-1793980023\" class=\"col medium-3 small-12 large-3\"  >\n\t\t\t\t<div class=\"col-inner\"  >\n\t\t\t\n\t\t\t\n\n\n  <div class=\"banner has-hover\" id=\"banner-1375355101\">\n          <div class=\"banner-inner fill\">\n        <div class=\"banner-bg fill\" >\n            <div class=\"bg fill bg-fill \"><\/div>\n                                    \n                    <\/div>\n        <div class=\"banner-layers container\">\n            <div class=\"fill banner-link\"><\/div>            \n\n   <div id=\"text-box-538002855\" class=\"text-box banner-layer text-box-circle x0 md-x0 lg-x0 y0 md-y0 lg-y0 res-text\">\n                     <div data-animate=\"bounceInUp\">           <div class=\"text-box-content text dark\">\n              \n              <div class=\"text-inner text-center\">\n                  \n\n<p><span>JSouto<br \/>\nOffice<\/span><\/p>\n\n              <\/div>\n           <\/div>\n       <\/div>                     \n<style>\n#text-box-538002855 .text-box-content {\n  background-color: rgb(169, 121, 23);\n  font-size: 150%;\n}\n#text-box-538002855 {\n  width: 50%;\n}\n@media (min-width:550px) {\n  #text-box-538002855 {\n    width: 80%;\n  }\n  #text-box-538002855 .text-box-content {\n    font-size: 170%;\n  }\n}\n@media (min-width:850px) {\n  #text-box-538002855 {\n    width: 86%;\n  }\n  #text-box-538002855 .text-box-content {\n    font-size: 200%;\n  }\n}\n<\/style>\n    <\/div>\n \n\n        <\/div>\n      <\/div>\n\n            \n<style>\n#banner-1375355101 {\n  padding-top: 250px;\n  background-color: rgba(0, 0, 0, 0);\n}\n@media (min-width:550px) {\n  #banner-1375355101 {\n    padding-top: 200px;\n  }\n}\n@media (min-width:850px) {\n  #banner-1375355101 {\n    padding-top: 240px;\n  }\n}\n<\/style>\n  <\/div>\n\n\n\t<div id=\"gap-1144939755\" class=\"gap-element clearfix\" style=\"display:block; height:auto;\">\n\t\t\n<style>\n#gap-1144939755 {\n  padding-top: 10px;\n}\n<\/style>\n\t<\/div>\n\t\n\n<ul>\n<li>300 m\u00b2<\/li>\n<li>20 espa\u00e7os de trabalho<\/li>\n<li>Salas de reuni\u00e3o<\/li>\n<li>Local centralizado<\/li>\n<\/ul>\n\n\t\t<\/div>\n\t\t\t\t\n<style>\n#col-1793980023 > .col-inner {\n  margin: -120px 0px 0px 0px;\n}\n<\/style>\n\t<\/div>\n\n\t\n\n\t<div id=\"col-847258406\" class=\"col medium-9 small-12 large-9\"  >\n\t\t\t\t<div class=\"col-inner\"  >\n\t\t\t\n\t\t\t\n\n<div class=\"slider-wrapper relative\" id=\"slider-972229025\" >\n    <div class=\"slider slider-nav-dots-dashes-spaced slider-nav-simple slider-nav-large slider-nav-light slider-style-container slider-show-nav\"\n        data-flickity-options='{\n            \"cellAlign\": \"center\",\n            \"imagesLoaded\": true,\n            \"lazyLoad\": 1,\n            \"freeScroll\": false,\n            \"wrapAround\": true,\n            \"autoPlay\": 3000,\n            \"pauseAutoPlayOnHover\" : false,\n            \"prevNextButtons\": true,\n            \"contain\" : true,\n            \"adaptiveHeight\" : true,\n            \"dragThreshold\" : 10,\n            \"percentPosition\": true,\n            \"pageDots\": true,\n            \"rightToLeft\": false,\n            \"draggable\": true,\n            \"selectedAttraction\": 0.1,\n            \"parallax\" : 0,\n            \"friction\": 0.6        }'\n        >\n        \n\n<div class=\"row\"  id=\"row-855364022\">\n\n\n\t<div id=\"col-465418642\" class=\"col small-12 large-12\"  >\n\t\t\t\t<div class=\"col-inner\"  >\n\t\t\t\n\t\t\t\n\n\n  <div class=\"banner has-hover\" id=\"banner-22661420\">\n          <div class=\"banner-inner fill\">\n        <div class=\"banner-bg fill\" >\n            <div class=\"bg fill bg-fill \"><\/div>\n                                    \n                    <\/div>\n        <div class=\"banner-layers container\">\n            <div class=\"fill banner-link\"><\/div>            \n\n   <div id=\"text-box-468252260\" class=\"text-box banner-layer x50 md-x50 lg-x50 y50 md-y50 lg-y50 res-text\">\n                                <div class=\"text-box-content text dark\">\n              \n              <div class=\"text-inner text-center\">\n                  \n\n\n              <\/div>\n           <\/div>\n                            \n<style>\n#text-box-468252260 {\n  width: 60%;\n}\n#text-box-468252260 .text-box-content {\n  font-size: 100%;\n}\n<\/style>\n    <\/div>\n \n\n        <\/div>\n      <\/div>\n\n            \n<style>\n#banner-22661420 {\n  padding-top: 300px;\n  background-color: rgb(40, 40, 40);\n}\n#banner-22661420 .bg.bg-loaded {\n  background-image: url(https:\/\/www.grupojsouto.com.br\/site\/wp-content\/uploads\/2024\/12\/9-IMG_0103-1024x768.jpg);\n}\n#banner-22661420 .bg {\n  background-position: 55% 65%;\n}\n@media (min-width:550px) {\n  #banner-22661420 {\n    padding-top: 500px;\n  }\n}\n<\/style>\n  <\/div>\n\n\n\n\t\t<\/div>\n\t\t\t\t\t<\/div>\n\n\t\n\n<\/div>\n<div class=\"row\"  id=\"row-1851594848\">\n\n\n\t<div id=\"col-935540309\" class=\"col small-12 large-12\"  >\n\t\t\t\t<div class=\"col-inner\"  >\n\t\t\t\n\t\t\t\n\n\n  <div class=\"banner has-hover\" id=\"banner-1475276859\">\n          <div class=\"banner-inner fill\">\n        <div class=\"banner-bg fill\" >\n            <div class=\"bg fill bg-fill \"><\/div>\n                                    \n                    <\/div>\n        <div class=\"banner-layers container\">\n            <div class=\"fill banner-link\"><\/div>            \n\n   <div id=\"text-box-1508740850\" class=\"text-box banner-layer x50 md-x50 lg-x50 y50 md-y50 lg-y50 res-text\">\n                                <div class=\"text-box-content text dark\">\n              \n              <div class=\"text-inner text-center\">\n                  \n\n\n              <\/div>\n           <\/div>\n                            \n<style>\n#text-box-1508740850 {\n  width: 60%;\n}\n#text-box-1508740850 .text-box-content {\n  font-size: 100%;\n}\n<\/style>\n    <\/div>\n \n\n        <\/div>\n      <\/div>\n\n            \n<style>\n#banner-1475276859 {\n  padding-top: 300px;\n  background-color: rgb(40, 40, 40);\n}\n#banner-1475276859 .bg.bg-loaded {\n  background-image: url(https:\/\/www.grupojsouto.com.br\/site\/wp-content\/uploads\/2024\/12\/14-IMG_0068-1024x768.jpg);\n}\n#banner-1475276859 .bg {\n  background-position: 55% 65%;\n}\n@media (min-width:550px) {\n  #banner-1475276859 {\n    padding-top: 500px;\n  }\n}\n<\/style>\n  <\/div>\n\n\n\n\t\t<\/div>\n\t\t\t\t\t<\/div>\n\n\t\n\n<\/div>\n<div class=\"row\"  id=\"row-255147859\">\n\n\n\t<div id=\"col-891557250\" class=\"col small-12 large-12\"  >\n\t\t\t\t<div class=\"col-inner\"  >\n\t\t\t\n\t\t\t\n\n\n  <div class=\"banner has-hover\" id=\"banner-1292698363\">\n          <div class=\"banner-inner fill\">\n        <div class=\"banner-bg fill\" >\n            <div class=\"bg fill bg-fill \"><\/div>\n                                    \n                    <\/div>\n        <div class=\"banner-layers container\">\n            <div class=\"fill banner-link\"><\/div>            \n\n   <div id=\"text-box-1361615056\" class=\"text-box banner-layer x50 md-x50 lg-x50 y50 md-y50 lg-y50 res-text\">\n                                <div class=\"text-box-content text dark\">\n              \n              <div class=\"text-inner text-center\">\n                  \n\n\n              <\/div>\n           <\/div>\n                            \n<style>\n#text-box-1361615056 {\n  width: 60%;\n}\n#text-box-1361615056 .text-box-content {\n  font-size: 100%;\n}\n<\/style>\n    <\/div>\n \n\n        <\/div>\n      <\/div>\n\n            \n<style>\n#banner-1292698363 {\n  padding-top: 300px;\n  background-color: rgb(40, 40, 40);\n}\n#banner-1292698363 .bg.bg-loaded {\n  background-image: url(https:\/\/www.grupojsouto.com.br\/site\/wp-content\/uploads\/2024\/12\/2-IMG_0088-1024x768.jpg);\n}\n#banner-1292698363 .bg {\n  background-position: 55% 65%;\n}\n@media (min-width:550px) {\n  #banner-1292698363 {\n    padding-top: 500px;\n  }\n}\n<\/style>\n  <\/div>\n\n\n\n\t\t<\/div>\n\t\t\t\t\t<\/div>\n\n\t\n\n<\/div>\n<div class=\"row\"  id=\"row-963547271\">\n\n\n\t<div id=\"col-1455225019\" class=\"col small-12 large-12\"  >\n\t\t\t\t<div class=\"col-inner\"  >\n\t\t\t\n\t\t\t\n\n\n  <div class=\"banner has-hover\" id=\"banner-1286112276\">\n          <div class=\"banner-inner fill\">\n        <div class=\"banner-bg fill\" >\n            <div class=\"bg fill bg-fill \"><\/div>\n                                    \n\t<div class=\"is-border\"\n\t\tstyle=\"border-color:rgb(40, 40, 40);border-width:0px 11px 0px 11px;\">\n\t<\/div>\n                    <\/div>\n        <div class=\"banner-layers container\">\n            <div class=\"fill banner-link\"><\/div>            \n\n   <div id=\"text-box-1141981331\" class=\"text-box banner-layer x50 md-x50 lg-x50 y50 md-y50 lg-y50 res-text\">\n                                <div class=\"text-box-content text dark\">\n              \n              <div class=\"text-inner text-center\">\n                  \n\n\n              <\/div>\n           <\/div>\n                            \n<style>\n#text-box-1141981331 {\n  width: 60%;\n}\n#text-box-1141981331 .text-box-content {\n  font-size: 100%;\n}\n<\/style>\n    <\/div>\n \n\n        <\/div>\n      <\/div>\n\n            \n<style>\n#banner-1286112276 {\n  padding-top: 300px;\n  background-color: rgb(40, 40, 40);\n}\n#banner-1286112276 .bg.bg-loaded {\n  background-image: url(https:\/\/www.grupojsouto.com.br\/site\/wp-content\/uploads\/2024\/12\/2-IMG_3645-1024x683.jpg);\n}\n#banner-1286112276 .bg {\n  background-position: 0% 50%;\n}\n@media (min-width:550px) {\n  #banner-1286112276 {\n    padding-top: 500px;\n  }\n}\n<\/style>\n  <\/div>\n\n\n\n\t\t<\/div>\n\t\t\t\t\t<\/div>\n\n\t\n\n<\/div>\n<div class=\"row\"  id=\"row-401189029\">\n\n\n\t<div id=\"col-517121208\" class=\"col small-12 large-12\"  >\n\t\t\t\t<div class=\"col-inner\"  >\n\t\t\t\n\t\t\t\n\n\n  <div class=\"banner has-hover\" id=\"banner-569337298\">\n          <div class=\"banner-inner fill\">\n        <div class=\"banner-bg fill\" >\n            <div class=\"bg fill bg-fill \"><\/div>\n                                    \n\t<div class=\"is-border\"\n\t\tstyle=\"border-color:rgb(40, 40, 40);border-width:0px 11px 0px 11px;\">\n\t<\/div>\n                    <\/div>\n        <div class=\"banner-layers container\">\n            <div class=\"fill banner-link\"><\/div>            \n\n   <div id=\"text-box-1195049883\" class=\"text-box banner-layer x50 md-x50 lg-x50 y50 md-y50 lg-y50 res-text\">\n                                <div class=\"text-box-content text dark\">\n              \n              <div class=\"text-inner text-center\">\n                  \n\n\n              <\/div>\n           <\/div>\n                            \n<style>\n#text-box-1195049883 {\n  width: 60%;\n}\n#text-box-1195049883 .text-box-content {\n  font-size: 100%;\n}\n<\/style>\n    <\/div>\n \n\n        <\/div>\n      <\/div>\n\n            \n<style>\n#banner-569337298 {\n  padding-top: 300px;\n  background-color: rgb(40, 40, 40);\n}\n#banner-569337298 .bg.bg-loaded {\n  background-image: url(https:\/\/www.grupojsouto.com.br\/site\/wp-content\/uploads\/2024\/12\/9-IMG_0103-1024x768.jpg);\n}\n#banner-569337298 .bg {\n  background-position: 53% 78%;\n}\n@media (min-width:550px) {\n  #banner-569337298 {\n    padding-top: 500px;\n  }\n}\n<\/style>\n  <\/div>\n\n\n\n\t\t<\/div>\n\t\t\t\t\t<\/div>\n\n\t\n\n<\/div>\n<div class=\"row\"  id=\"row-267948303\">\n\n\n\t<div id=\"col-448695626\" class=\"col small-12 large-12\"  >\n\t\t\t\t<div class=\"col-inner\"  >\n\t\t\t\n\t\t\t\n\n\n  <div class=\"banner has-hover\" id=\"banner-1230731952\">\n          <div class=\"banner-inner fill\">\n        <div class=\"banner-bg fill\" >\n            <div class=\"bg fill bg-fill \"><\/div>\n                                    \n\t<div class=\"is-border\"\n\t\tstyle=\"border-color:rgb(40, 40, 40);border-width:0px 11px 0px 11px;\">\n\t<\/div>\n                    <\/div>\n        <div class=\"banner-layers container\">\n            <div class=\"fill banner-link\"><\/div>            \n\n   <div id=\"text-box-432880819\" class=\"text-box banner-layer x50 md-x50 lg-x50 y50 md-y50 lg-y50 res-text\">\n                                <div class=\"text-box-content text dark\">\n              \n              <div class=\"text-inner text-center\">\n                  \n\n\n              <\/div>\n           <\/div>\n                            \n<style>\n#text-box-432880819 {\n  width: 60%;\n}\n#text-box-432880819 .text-box-content {\n  font-size: 100%;\n}\n<\/style>\n    <\/div>\n \n\n        <\/div>\n      <\/div>\n\n            \n<style>\n#banner-1230731952 {\n  padding-top: 300px;\n  background-color: rgb(40, 40, 40);\n}\n#banner-1230731952 .bg.bg-loaded {\n  background-image: url(https:\/\/www.grupojsouto.com.br\/site\/wp-content\/uploads\/2024\/12\/1-IMG_0071-1024x768.jpg);\n}\n#banner-1230731952 .bg {\n  background-position: 11% 89%;\n}\n@media (min-width:550px) {\n  #banner-1230731952 {\n    padding-top: 500px;\n  }\n}\n<\/style>\n  <\/div>\n\n\n\n\t\t<\/div>\n\t\t\t\t\t<\/div>\n\n\t\n\n<\/div>\n\n     <\/div>\n\n     <div class=\"loading-spin dark large centered\"><\/div>\n\n          <style>\n            #slider-972229025 .flickity-slider > * { max-width: 70% !important; }\n     <\/style>\n     \t<\/div>\n\n\n\n\t\t<\/div>\n\t\t\t\t\t<\/div>\n\n\t\n\n<\/div>\n\n\t\t<\/div>\n\n\t\t\n<style>\n#section_53480113 {\n  padding-top: 60px;\n  padding-bottom: 60px;\n  background-color: rgb(0, 51, 78);\n}\n<\/style>\n\t<\/section>\n\t\n\n","protected":false},"excerpt":{"rendered":"","protected":false},"author":1,"featured_media":0,"parent":0,"menu_order":0,"comment_status":"closed","ping_status":"closed","template":"page-transparent-header.php","meta":{"footnotes":""},"class_list":["post-158","page","type-page","status-publish","hentry"],"yoast_head":"<!-- This site is optimized with the Yoast SEO plugin v24.1 - https:\/\/yoast.com\/wordpress\/plugins\/seo\/ -->\n<title>Quem somos - Grupo JSouto<\/title>\n<meta name=\"robots\" content=\"index, follow, max-snippet:-1, max-image-preview:large, max-video-preview:-1\" \/>\n<link rel=\"canonical\" href=\"https:\/\/www.grupojsouto.com.br\/site\/quem-somos\/\" \/>\n<meta property=\"og:locale\" content=\"pt_BR\" \/>\n<meta property=\"og:type\" content=\"article\" \/>\n<meta property=\"og:title\" content=\"Quem somos - Grupo JSouto\" \/>\n<meta property=\"og:url\" content=\"https:\/\/www.grupojsouto.com.br\/site\/quem-somos\/\" \/>\n<meta property=\"og:site_name\" content=\"Grupo JSouto\" \/>\n<meta property=\"article:modified_time\" content=\"2025-01-21T21:51:39+00:00\" \/>\n<meta name=\"twitter:card\" content=\"summary_large_image\" \/>\n<meta name=\"twitter:label1\" content=\"Est. tempo de leitura\" \/>\n\t<meta name=\"twitter:data1\" content=\"3 minutos\" \/>\n<script type=\"application\/ld+json\" class=\"yoast-schema-graph\">{\"@context\":\"https:\/\/schema.org\",\"@graph\":[{\"@type\":\"WebPage\",\"@id\":\"https:\/\/www.grupojsouto.com.br\/site\/quem-somos\/\",\"url\":\"https:\/\/www.grupojsouto.com.br\/site\/quem-somos\/\",\"name\":\"Quem somos - Grupo JSouto\",\"isPartOf\":{\"@id\":\"https:\/\/www.grupojsouto.com.br\/site\/#website\"},\"datePublished\":\"2020-03-26T23:59:54+00:00\",\"dateModified\":\"2025-01-21T21:51:39+00:00\",\"breadcrumb\":{\"@id\":\"https:\/\/www.grupojsouto.com.br\/site\/quem-somos\/#breadcrumb\"},\"inLanguage\":\"pt-BR\",\"potentialAction\":[{\"@type\":\"ReadAction\",\"target\":[\"https:\/\/www.grupojsouto.com.br\/site\/quem-somos\/\"]}]},{\"@type\":\"BreadcrumbList\",\"@id\":\"https:\/\/www.grupojsouto.com.br\/site\/quem-somos\/#breadcrumb\",\"itemListElement\":[{\"@type\":\"ListItem\",\"position\":1,\"name\":\"In\u00edcio\",\"item\":\"https:\/\/www.grupojsouto.com.br\/site\/\"},{\"@type\":\"ListItem\",\"position\":2,\"name\":\"Quem somos\"}]},{\"@type\":\"WebSite\",\"@id\":\"https:\/\/www.grupojsouto.com.br\/site\/#website\",\"url\":\"https:\/\/www.grupojsouto.com.br\/site\/\",\"name\":\"Grupo JSouto\",\"description\":\"Desde 2002\",\"potentialAction\":[{\"@type\":\"SearchAction\",\"target\":{\"@type\":\"EntryPoint\",\"urlTemplate\":\"https:\/\/www.grupojsouto.com.br\/site\/?s={search_term_string}\"},\"query-input\":{\"@type\":\"PropertyValueSpecification\",\"valueRequired\":true,\"valueName\":\"search_term_string\"}}],\"inLanguage\":\"pt-BR\"}]}<\/script>\n<!-- \/ Yoast SEO plugin. -->","yoast_head_json":{"title":"Quem somos - Grupo JSouto","robots":{"index":"index","follow":"follow","max-snippet":"max-snippet:-1","max-image-preview":"max-image-preview:large","max-video-preview":"max-video-preview:-1"},"canonical":"https:\/\/www.grupojsouto.com.br\/site\/quem-somos\/","og_locale":"pt_BR","og_type":"article","og_title":"Quem somos - Grupo JSouto","og_url":"https:\/\/www.grupojsouto.com.br\/site\/quem-somos\/","og_site_name":"Grupo JSouto","article_modified_time":"2025-01-21T21:51:39+00:00","twitter_card":"summary_large_image","twitter_misc":{"Est. tempo de leitura":"3 minutos"},"schema":{"@context":"https:\/\/schema.org","@graph":[{"@type":"WebPage","@id":"https:\/\/www.grupojsouto.com.br\/site\/quem-somos\/","url":"https:\/\/www.grupojsouto.com.br\/site\/quem-somos\/","name":"Quem somos - Grupo JSouto","isPartOf":{"@id":"https:\/\/www.grupojsouto.com.br\/site\/#website"},"datePublished":"2020-03-26T23:59:54+00:00","dateModified":"2025-01-21T21:51:39+00:00","breadcrumb":{"@id":"https:\/\/www.grupojsouto.com.br\/site\/quem-somos\/#breadcrumb"},"inLanguage":"pt-BR","potentialAction":[{"@type":"ReadAction","target":["https:\/\/www.grupojsouto.com.br\/site\/quem-somos\/"]}]},{"@type":"BreadcrumbList","@id":"https:\/\/www.grupojsouto.com.br\/site\/quem-somos\/#breadcrumb","itemListElement":[{"@type":"ListItem","position":1,"name":"In\u00edcio","item":"https:\/\/www.grupojsouto.com.br\/site\/"},{"@type":"ListItem","position":2,"name":"Quem somos"}]},{"@type":"WebSite","@id":"https:\/\/www.grupojsouto.com.br\/site\/#website","url":"https:\/\/www.grupojsouto.com.br\/site\/","name":"Grupo JSouto","description":"Desde 2002","potentialAction":[{"@type":"SearchAction","target":{"@type":"EntryPoint","urlTemplate":"https:\/\/www.grupojsouto.com.br\/site\/?s={search_term_string}"},"query-input":{"@type":"PropertyValueSpecification","valueRequired":true,"valueName":"search_term_string"}}],"inLanguage":"pt-BR"}]}},"_links":{"self":[{"href":"https:\/\/www.grupojsouto.com.br\/site\/wp-json\/wp\/v2\/pages\/158"}],"collection":[{"href":"https:\/\/www.grupojsouto.com.br\/site\/wp-json\/wp\/v2\/pages"}],"about":[{"href":"https:\/\/www.grupojsouto.com.br\/site\/wp-json\/wp\/v2\/types\/page"}],"author":[{"embeddable":true,"href":"https:\/\/www.grupojsouto.com.br\/site\/wp-json\/wp\/v2\/users\/1"}],"replies":[{"embeddable":true,"href":"https:\/\/www.grupojsouto.com.br\/site\/wp-json\/wp\/v2\/comments?post=158"}],"version-history":[{"count":21,"href":"https:\/\/www.grupojsouto.com.br\/site\/wp-json\/wp\/v2\/pages\/158\/revisions"}],"predecessor-version":[{"id":350,"href":"https:\/\/www.grupojsouto.com.br\/site\/wp-json\/wp\/v2\/pages\/158\/revisions\/350"}],"wp:attachment":[{"href":"https:\/\/www.grupojsouto.com.br\/site\/wp-json\/wp\/v2\/media?parent=158"}],"curies":[{"name":"wp","href":"https:\/\/api.w.org\/{rel}","templated":true}]}}