{"id":169,"date":"2020-03-27T00:35:41","date_gmt":"2020-03-27T00:35:41","guid":{"rendered":"http:\/\/www.grupojsouto.com.br\/site\/?page_id=169"},"modified":"2025-05-30T21:10:15","modified_gmt":"2025-05-30T21:10:15","slug":"portfolio","status":"publish","type":"page","link":"https:\/\/www.grupojsouto.com.br\/site\/portfolio\/","title":{"rendered":"Portf\u00f3lio"},"content":{"rendered":"\n\t<section class=\"section dark\" id=\"section_738295736\">\n\t\t<div class=\"bg section-bg fill bg-fill  \" >\n\n\t\t\t\n\t\t\t<div class=\"section-bg-overlay absolute fill\"><\/div>\n\t\t\t\n\n\t\t<\/div>\n\n\t\t<div class=\"section-content relative\">\n\t\t\t\n\n<div class=\"row\"  id=\"row-304654774\">\n\n\n\t<div id=\"col-513702144\" class=\"col medium-8 small-12 large-6\"  >\n\t\t\t\t<div class=\"col-inner\"  >\n\t\t\t\n\t\t\t\n\n\t<div id=\"text-3382307715\" class=\"text\">\n\t\t\n\n<p><span>+ de 500 obras<\/span><\/p>\n<h1><span\">Portf\u00f3lio Completo<\/span><\/h1>\n\t\t\n<style>\n#text-3382307715 {\n  font-size: 1.55rem;\n}\n<\/style>\n\t<\/div>\n\t\n\n\t\t<\/div>\n\t\t\t\t\t<\/div>\n\n\t\n\n<\/div>\n\n\t\t<\/div>\n\n\t\t\n<style>\n#section_738295736 {\n  padding-top: 30px;\n  padding-bottom: 30px;\n  min-height: 450px;\n  background-color: rgb(39, 54, 71);\n}\n#section_738295736 .section-bg-overlay {\n  background-color: rgba(11, 21, 33, 0.57);\n}\n#section_738295736 .section-bg.bg-loaded {\n  background-image: url(https:\/\/www.grupojsouto.com.br\/site\/wp-content\/uploads\/2020\/03\/06-scaled.jpg);\n}\n#section_738295736 .section-bg {\n  background-position: 89% 0%;\n}\n<\/style>\n\t<\/section>\n\t\n<div class=\"row row-collapse align-right\"  id=\"row-279710529\">\n\n\n\t<div id=\"col-805016606\" class=\"col medium-6 small-12 large-6\"  >\n\t\t\t\t<div class=\"col-inner\" style=\"background-color:rgb(169, 121, 23);\" >\n\t\t\t\n\t\t\t\n\n\t<section class=\"section\" id=\"section_2066851678\">\n\t\t<div class=\"bg section-bg fill bg-fill  bg-loaded\" >\n\n\t\t\t\n\t\t\t\n\t\t\t\n\n\t\t<\/div>\n\n\t\t<div class=\"section-content relative\">\n\t\t\t\n\n<div class=\"row row-collapse align-center\"  id=\"row-2028419475\">\n\n\n\t<div id=\"col-1396229240\" class=\"col small-12 large-12\"  >\n\t\t\t\t<div class=\"col-inner dark\"  >\n\t\t\t\n\t\t\t\n\n\t<div id=\"text-2169537829\" class=\"text\">\n\t\t\n\n<p><span><span style=\"font-size: 120%;\">Baixe o nosso Portf\u00f3lio. <br \/>S\u00e3o + de 50 obras para voc\u00ea!<\/span><\/span><\/p>\n\t\t\n<style>\n#text-2169537829 {\n  font-size: 1.55rem;\n}\n<\/style>\n\t<\/div>\n\t\n\n\t\t<\/div>\n\t\t\t\t\t<\/div>\n\n\t\n\n\n<style>\n#row-2028419475 > .col > .col-inner {\n  padding: 40px 20px 20px 20px;\n}\n<\/style>\n<\/div>\n\n\t\t<\/div>\n\n\t\t\n<style>\n#section_2066851678 {\n  padding-top: 0px;\n  padding-bottom: 0px;\n}\n<\/style>\n\t<\/section>\n\t\n\n\t\t<\/div>\n\t\t\t\t\n<style>\n#col-805016606 > .col-inner {\n  margin: -80px 0px 80px 0px;\n}\n<\/style>\n\t<\/div>\n\n\t\n\n<\/div>\n<div class=\"row align-equal\"  id=\"row-1928854646\">\n\n\n\t<div id=\"col-51546401\" class=\"col small-12 large-12\"  >\n\t\t\t\t<div class=\"col-inner\"  >\n\t\t\t\n\t\t\t\n\n\t<section class=\"section\" id=\"section_62694701\">\n\t\t<div class=\"bg section-bg fill bg-fill  bg-loaded\" >\n\n\t\t\t\n\t\t\t\n\t\t\t\n\t<div class=\"is-border\"\n\t\tstyle=\"border-color:rgb(39, 54, 71);border-width:2px 2px 2px 2px;\">\n\t<\/div>\n\n\t\t<\/div>\n\n\t\t<div class=\"section-content relative\">\n\t\t\t\n\n<h2>Baixe agora<\/h2>\n<p>Preencha o formul\u00e1rio e receba automaticamente o nosso Portf\u00f3lio com mais de 50 obras realizadas por todo o pa\u00eds.<\/p>\n<a rel=\"noopener noreferrer\" href=\"\/site\/apresentacao-jsouto-v2.pdf\" target=\"_blank\" class=\"button primary\"  style=\"border-radius:99px;\">\n    <span>BAIXAR<\/span>\n  <\/a>\n\n\n\n\t\t<\/div>\n\n\t\t\n<style>\n#section_62694701 {\n  padding-top: 30px;\n  padding-bottom: 30px;\n}\n<\/style>\n\t<\/section>\n\t\n\n\t\t<\/div>\n\t\t\t\t\t<\/div>\n\n\t\n\n<\/div>\n\t<section class=\"section dark\" id=\"section_1045509728\">\n\t\t<div class=\"bg section-bg fill bg-fill  bg-loaded\" >\n\n\t\t\t\n\t\t\t\n\t\t\t\n\n\t\t<\/div>\n\n\t\t<div class=\"section-content relative\">\n\t\t\t\n\n<div class=\"row row-solid\"  id=\"row-1246271263\">\n\n\n\t<div id=\"col-162044112\" class=\"col medium-3 small-6 large-3\"  >\n\t\t\t\t<div class=\"col-inner text-center\"  >\n\t\t\t\n\t\t\t\n\n<h2><span style=\"font-size: 120%;\">+ 50<\/span><\/h2>\n<p>Obras realizadas<\/p>\n\n\t\t<\/div>\n\t\t\t\t\t<\/div>\n\n\t\n\n\t<div id=\"col-904069920\" class=\"col medium-3 small-6 large-3\"  >\n\t\t\t\t<div class=\"col-inner text-center\"  >\n\t\t\t\n\t\t\t\n\n<h2><span style=\"font-size: 120%;\"> 2002 <\/span><\/h2>\n<p>23 anos de experiencia<\/p>\n\n\t\t<\/div>\n\t\t\t\t\t<\/div>\n\n\t\n\n\t<div id=\"col-1649358762\" class=\"col medium-3 small-6 large-3\"  >\n\t\t\t\t<div class=\"col-inner text-center\"  >\n\t\t\t\n\t\t\t\n\n<h2><span style=\"font-size: 120%;\">+100<\/span><\/h2>\n<p>Clientes atendidos<\/p>\n\n\t\t<\/div>\n\t\t\t\t\t<\/div>\n\n\t\n\n\t<div id=\"col-1201668751\" class=\"col medium-3 small-6 large-3\"  >\n\t\t\t\t<div class=\"col-inner text-center\"  >\n\t\t\t\n\t\t\t\n\n<h2><span style=\"font-size: 120%;\">4.98\/5<\/span><\/h2>\n<p>Avalia\u00e7\u00e3o do cliente<\/p>\n\n\t\t<\/div>\n\t\t\t\t\t<\/div>\n\n\t\n\n<\/div>\n\n\t\t<\/div>\n\n\t\t\n<style>\n#section_1045509728 {\n  padding-top: 60px;\n  padding-bottom: 60px;\n  background-color: rgb(0, 51, 78);\n}\n<\/style>\n\t<\/section>\n\t\n\n","protected":false},"excerpt":{"rendered":"","protected":false},"author":1,"featured_media":0,"parent":0,"menu_order":0,"comment_status":"closed","ping_status":"closed","template":"page-transparent-header.php","meta":{"footnotes":""},"class_list":["post-169","page","type-page","status-publish","hentry"],"yoast_head":"<!-- This site is optimized with the Yoast SEO plugin v24.1 - https:\/\/yoast.com\/wordpress\/plugins\/seo\/ -->\n<title>Portf\u00f3lio - Grupo JSouto<\/title>\n<meta name=\"robots\" content=\"index, follow, max-snippet:-1, max-image-preview:large, max-video-preview:-1\" \/>\n<link rel=\"canonical\" href=\"https:\/\/www.grupojsouto.com.br\/site\/portfolio\/\" \/>\n<meta property=\"og:locale\" content=\"pt_BR\" \/>\n<meta property=\"og:type\" content=\"article\" \/>\n<meta property=\"og:title\" content=\"Portf\u00f3lio - Grupo JSouto\" \/>\n<meta property=\"og:url\" content=\"https:\/\/www.grupojsouto.com.br\/site\/portfolio\/\" \/>\n<meta property=\"og:site_name\" content=\"Grupo JSouto\" \/>\n<meta property=\"article:modified_time\" content=\"2025-05-30T21:10:15+00:00\" \/>\n<meta name=\"twitter:card\" content=\"summary_large_image\" \/>\n<meta name=\"twitter:label1\" content=\"Est. tempo de leitura\" \/>\n\t<meta name=\"twitter:data1\" content=\"1 minuto\" \/>\n<script type=\"application\/ld+json\" class=\"yoast-schema-graph\">{\"@context\":\"https:\/\/schema.org\",\"@graph\":[{\"@type\":\"WebPage\",\"@id\":\"https:\/\/www.grupojsouto.com.br\/site\/portfolio\/\",\"url\":\"https:\/\/www.grupojsouto.com.br\/site\/portfolio\/\",\"name\":\"Portf\u00f3lio - Grupo JSouto\",\"isPartOf\":{\"@id\":\"https:\/\/www.grupojsouto.com.br\/site\/#website\"},\"datePublished\":\"2020-03-27T00:35:41+00:00\",\"dateModified\":\"2025-05-30T21:10:15+00:00\",\"breadcrumb\":{\"@id\":\"https:\/\/www.grupojsouto.com.br\/site\/portfolio\/#breadcrumb\"},\"inLanguage\":\"pt-BR\",\"potentialAction\":[{\"@type\":\"ReadAction\",\"target\":[\"https:\/\/www.grupojsouto.com.br\/site\/portfolio\/\"]}]},{\"@type\":\"BreadcrumbList\",\"@id\":\"https:\/\/www.grupojsouto.com.br\/site\/portfolio\/#breadcrumb\",\"itemListElement\":[{\"@type\":\"ListItem\",\"position\":1,\"name\":\"In\u00edcio\",\"item\":\"https:\/\/www.grupojsouto.com.br\/site\/\"},{\"@type\":\"ListItem\",\"position\":2,\"name\":\"Portf\u00f3lio\"}]},{\"@type\":\"WebSite\",\"@id\":\"https:\/\/www.grupojsouto.com.br\/site\/#website\",\"url\":\"https:\/\/www.grupojsouto.com.br\/site\/\",\"name\":\"Grupo JSouto\",\"description\":\"Desde 2002\",\"potentialAction\":[{\"@type\":\"SearchAction\",\"target\":{\"@type\":\"EntryPoint\",\"urlTemplate\":\"https:\/\/www.grupojsouto.com.br\/site\/?s={search_term_string}\"},\"query-input\":{\"@type\":\"PropertyValueSpecification\",\"valueRequired\":true,\"valueName\":\"search_term_string\"}}],\"inLanguage\":\"pt-BR\"}]}<\/script>\n<!-- \/ Yoast SEO plugin. -->","yoast_head_json":{"title":"Portf\u00f3lio - Grupo JSouto","robots":{"index":"index","follow":"follow","max-snippet":"max-snippet:-1","max-image-preview":"max-image-preview:large","max-video-preview":"max-video-preview:-1"},"canonical":"https:\/\/www.grupojsouto.com.br\/site\/portfolio\/","og_locale":"pt_BR","og_type":"article","og_title":"Portf\u00f3lio - Grupo JSouto","og_url":"https:\/\/www.grupojsouto.com.br\/site\/portfolio\/","og_site_name":"Grupo JSouto","article_modified_time":"2025-05-30T21:10:15+00:00","twitter_card":"summary_large_image","twitter_misc":{"Est. tempo de leitura":"1 minuto"},"schema":{"@context":"https:\/\/schema.org","@graph":[{"@type":"WebPage","@id":"https:\/\/www.grupojsouto.com.br\/site\/portfolio\/","url":"https:\/\/www.grupojsouto.com.br\/site\/portfolio\/","name":"Portf\u00f3lio - Grupo JSouto","isPartOf":{"@id":"https:\/\/www.grupojsouto.com.br\/site\/#website"},"datePublished":"2020-03-27T00:35:41+00:00","dateModified":"2025-05-30T21:10:15+00:00","breadcrumb":{"@id":"https:\/\/www.grupojsouto.com.br\/site\/portfolio\/#breadcrumb"},"inLanguage":"pt-BR","potentialAction":[{"@type":"ReadAction","target":["https:\/\/www.grupojsouto.com.br\/site\/portfolio\/"]}]},{"@type":"BreadcrumbList","@id":"https:\/\/www.grupojsouto.com.br\/site\/portfolio\/#breadcrumb","itemListElement":[{"@type":"ListItem","position":1,"name":"In\u00edcio","item":"https:\/\/www.grupojsouto.com.br\/site\/"},{"@type":"ListItem","position":2,"name":"Portf\u00f3lio"}]},{"@type":"WebSite","@id":"https:\/\/www.grupojsouto.com.br\/site\/#website","url":"https:\/\/www.grupojsouto.com.br\/site\/","name":"Grupo JSouto","description":"Desde 2002","potentialAction":[{"@type":"SearchAction","target":{"@type":"EntryPoint","urlTemplate":"https:\/\/www.grupojsouto.com.br\/site\/?s={search_term_string}"},"query-input":{"@type":"PropertyValueSpecification","valueRequired":true,"valueName":"search_term_string"}}],"inLanguage":"pt-BR"}]}},"_links":{"self":[{"href":"https:\/\/www.grupojsouto.com.br\/site\/wp-json\/wp\/v2\/pages\/169"}],"collection":[{"href":"https:\/\/www.grupojsouto.com.br\/site\/wp-json\/wp\/v2\/pages"}],"about":[{"href":"https:\/\/www.grupojsouto.com.br\/site\/wp-json\/wp\/v2\/types\/page"}],"author":[{"embeddable":true,"href":"https:\/\/www.grupojsouto.com.br\/site\/wp-json\/wp\/v2\/users\/1"}],"replies":[{"embeddable":true,"href":"https:\/\/www.grupojsouto.com.br\/site\/wp-json\/wp\/v2\/comments?post=169"}],"version-history":[{"count":18,"href":"https:\/\/www.grupojsouto.com.br\/site\/wp-json\/wp\/v2\/pages\/169\/revisions"}],"predecessor-version":[{"id":393,"href":"https:\/\/www.grupojsouto.com.br\/site\/wp-json\/wp\/v2\/pages\/169\/revisions\/393"}],"wp:attachment":[{"href":"https:\/\/www.grupojsouto.com.br\/site\/wp-json\/wp\/v2\/media?parent=169"}],"curies":[{"name":"wp","href":"https:\/\/api.w.org\/{rel}","templated":true}]}}