{"id":171,"date":"2020-03-27T00:36:07","date_gmt":"2020-03-27T00:36:07","guid":{"rendered":"http:\/\/www.grupojsouto.com.br\/site\/?page_id=171"},"modified":"2025-02-28T19:57:19","modified_gmt":"2025-02-28T19:57:19","slug":"contato","status":"publish","type":"page","link":"https:\/\/www.grupojsouto.com.br\/site\/contato\/","title":{"rendered":"Contato"},"content":{"rendered":"\n\t<section class=\"section dark\" id=\"section_256459518\">\n\t\t<div class=\"bg section-bg fill bg-fill  \" >\n\n\t\t\t\n\t\t\t<div class=\"section-bg-overlay absolute fill\"><\/div>\n\t\t\t\n\n\t\t<\/div>\n\n\t\t<div class=\"section-content relative\">\n\t\t\t\n\n<div class=\"row\"  id=\"row-1717543163\">\n\n\n\t<div id=\"col-958989817\" class=\"col small-12 large-12\"  >\n\t\t\t\t<div class=\"col-inner text-center\"  >\n\t\t\t\n\t\t\t\n\n<h1 style=\"font-size:200%;\">Quer entrar em contato?<\/h1>\n<p>Gostar\u00edamos muito de ouvir de voc\u00ea. Veja como voc\u00ea pode nos contatar.<\/p>\n\n\t\t<\/div>\n\t\t\t\t\n<style>\n#col-958989817 > .col-inner {\n  padding: 20px 0px 0px 0px;\n}\n<\/style>\n\t<\/div>\n\n\t\n\n<\/div>\n\n\t\t<\/div>\n\n\t\t\n<style>\n#section_256459518 {\n  padding-top: 140px;\n  padding-bottom: 140px;\n  background-color: rgb(40, 40, 40);\n}\n#section_256459518 .section-bg-overlay {\n  background-color: rgba(0, 0, 0, 0.3);\n}\n#section_256459518 .section-bg.bg-loaded {\n  background-image: url(https:\/\/www.grupojsouto.com.br\/site\/wp-content\/uploads\/2021\/09\/Prancheta-9.png);\n}\n#section_256459518 .section-bg {\n  background-position: 50% 26%;\n}\n<\/style>\n\t<\/section>\n\t\n\t<section class=\"section\" id=\"section_734834982\">\n\t\t<div class=\"bg section-bg fill bg-fill  bg-loaded\" >\n\n\t\t\t\n\t\t\t\n\t\t\t\n\n\t\t<\/div>\n\n\t\t<div class=\"section-content relative\">\n\t\t\t\n\n<div class=\"row\"  id=\"row-2104178197\">\n\n\n\t<div id=\"col-473873507\" class=\"col small-12 large-12\"  >\n\t\t\t\t<div class=\"col-inner\"  >\n\t\t\t\n\t\t\t\n\n<div class=\"row align-equal\"  id=\"row-2091799300\">\n\n\n\t<div id=\"col-800393764\" class=\"col medium-6 small-12 large-6\"  >\n\t\t\t\t<div class=\"col-inner text-center\"  >\n\t\t\t\n\t\t\t\n\n\n\t\t<div class=\"icon-box featured-box icon-box-center text-center\"  >\n\t\t\t\t\t<div class=\"icon-box-img\" style=\"width: 60px\">\n\t\t\t\t<div class=\"icon\">\n\t\t\t\t\t<div class=\"icon-inner\" >\n\t\t\t\t\t\t<img loading=\"lazy\" decoding=\"async\" width=\"300\" height=\"300\" src=\"https:\/\/www.grupojsouto.com.br\/site\/wp-content\/uploads\/2020\/03\/contact-page-for-flatsome-wordpress-theme-pointed-icon-phone-300x300.png\" class=\"attachment-medium size-medium\" alt=\"\" srcset=\"https:\/\/www.grupojsouto.com.br\/site\/wp-content\/uploads\/2020\/03\/contact-page-for-flatsome-wordpress-theme-pointed-icon-phone-300x300.png 300w, https:\/\/www.grupojsouto.com.br\/site\/wp-content\/uploads\/2020\/03\/contact-page-for-flatsome-wordpress-theme-pointed-icon-phone-150x150.png 150w, https:\/\/www.grupojsouto.com.br\/site\/wp-content\/uploads\/2020\/03\/contact-page-for-flatsome-wordpress-theme-pointed-icon-phone.png 512w\" sizes=\"(max-width: 300px) 100vw, 300px\" \/>\t\t\t\t\t<\/div>\n\t\t\t\t<\/div>\n\t\t\t<\/div>\n\t\t\t\t<div class=\"icon-box-text last-reset\">\n\t\t\t\t\t\t\t\t\t\n\n<h2>Contato Comercial<\/h2>\n<p>Interessado em falar com o nosso time comercial? Segue o nosso telefone.<\/p>\n\t<div id=\"gap-1180040554\" class=\"gap-element clearfix\" style=\"display:block; height:auto;\">\n\t\t\n<style>\n#gap-1180040554 {\n  padding-top: 20px;\n}\n<\/style>\n\t<\/div>\n\t\n\n<a href=\"https:\/\/api.whatsapp.com\/send?phone=5571997099815\" target=\"_self\" class=\"button secondary\"  >\n    <span>+55 71 3341-2222<\/span>\n  <\/a>\n\n\n\n\t\t<\/div>\n\t<\/div>\n\t\n\t\n\n\t\t<\/div>\n\t\t\t\t\t<\/div>\n\n\t\n\n\t<div id=\"col-1989797400\" class=\"col medium-6 small-12 large-6\"  >\n\t\t\t\t<div class=\"col-inner text-center\"  >\n\t\t\t\n\t\t\t\n\n\n\t\t<div class=\"icon-box featured-box icon-box-center text-center\"  >\n\t\t\t\t\t<div class=\"icon-box-img\" style=\"width: 60px\">\n\t\t\t\t<div class=\"icon\">\n\t\t\t\t\t<div class=\"icon-inner\" >\n\t\t\t\t\t\t<img loading=\"lazy\" decoding=\"async\" width=\"300\" height=\"300\" src=\"https:\/\/www.grupojsouto.com.br\/site\/wp-content\/uploads\/2020\/03\/contact-page-for-flatsome-wordpress-theme-pointed-icon-chat-300x300.png\" class=\"attachment-medium size-medium\" alt=\"\" srcset=\"https:\/\/www.grupojsouto.com.br\/site\/wp-content\/uploads\/2020\/03\/contact-page-for-flatsome-wordpress-theme-pointed-icon-chat-300x300.png 300w, https:\/\/www.grupojsouto.com.br\/site\/wp-content\/uploads\/2020\/03\/contact-page-for-flatsome-wordpress-theme-pointed-icon-chat-150x150.png 150w, https:\/\/www.grupojsouto.com.br\/site\/wp-content\/uploads\/2020\/03\/contact-page-for-flatsome-wordpress-theme-pointed-icon-chat.png 512w\" sizes=\"(max-width: 300px) 100vw, 300px\" \/>\t\t\t\t\t<\/div>\n\t\t\t\t<\/div>\n\t\t\t<\/div>\n\t\t\t\t<div class=\"icon-box-text last-reset\">\n\t\t\t\t\t\t\t\t\t\n\n<h2>Trabalhe Conosco<\/h2>\n<p>Envie o seu curr\u00edculo.<\/p>\n\t<div id=\"gap-1190493095\" class=\"gap-element clearfix\" style=\"display:block; height:auto;\">\n\t\t\n<style>\n#gap-1190493095 {\n  padding-top: 20px;\n}\n<\/style>\n\t<\/div>\n\t\n\n\n\t\t<\/div>\n\t<\/div>\n\t\n\t\n<a class=\"button secondary lowercase\"  >\n    <span>rh@grupojsouto.com.br<\/span>\n  <\/a>\n\n\n\n\t\t<\/div>\n\t\t\t\t\t<\/div>\n\n\t\n\n\n<style>\n#row-2091799300 > .col > .col-inner {\n  padding: 40px 40px 40px 40px;\n  background-color: rgb(255,255,255);\n}\n<\/style>\n<\/div>\n\n\t\t<\/div>\n\t\t\t\t\n<style>\n#col-473873507 > .col-inner {\n  margin: -100px 0px 0px 0px;\n}\n<\/style>\n\t<\/div>\n\n\t\n\n<\/div>\n\n\t\t<\/div>\n\n\t\t\n<style>\n#section_734834982 {\n  padding-top: 30px;\n  padding-bottom: 30px;\n  background-color: rgb(244, 244, 244);\n}\n<\/style>\n\t<\/section>\n\t\n\n","protected":false},"excerpt":{"rendered":"","protected":false},"author":1,"featured_media":0,"parent":0,"menu_order":0,"comment_status":"closed","ping_status":"closed","template":"page-transparent-header.php","meta":{"footnotes":""},"class_list":["post-171","page","type-page","status-publish","hentry"],"yoast_head":"<!-- This site is optimized with the Yoast SEO plugin v24.1 - https:\/\/yoast.com\/wordpress\/plugins\/seo\/ -->\n<title>Contato - Grupo JSouto<\/title>\n<meta name=\"robots\" content=\"index, follow, max-snippet:-1, max-image-preview:large, max-video-preview:-1\" \/>\n<link rel=\"canonical\" href=\"https:\/\/www.grupojsouto.com.br\/site\/contato\/\" \/>\n<meta property=\"og:locale\" content=\"pt_BR\" \/>\n<meta property=\"og:type\" content=\"article\" \/>\n<meta property=\"og:title\" content=\"Contato - Grupo JSouto\" \/>\n<meta property=\"og:url\" content=\"https:\/\/www.grupojsouto.com.br\/site\/contato\/\" \/>\n<meta property=\"og:site_name\" content=\"Grupo JSouto\" \/>\n<meta property=\"article:modified_time\" content=\"2025-02-28T19:57:19+00:00\" \/>\n<meta name=\"twitter:card\" content=\"summary_large_image\" \/>\n<meta name=\"twitter:label1\" content=\"Est. tempo de leitura\" \/>\n\t<meta name=\"twitter:data1\" content=\"1 minuto\" \/>\n<script type=\"application\/ld+json\" class=\"yoast-schema-graph\">{\"@context\":\"https:\/\/schema.org\",\"@graph\":[{\"@type\":\"WebPage\",\"@id\":\"https:\/\/www.grupojsouto.com.br\/site\/contato\/\",\"url\":\"https:\/\/www.grupojsouto.com.br\/site\/contato\/\",\"name\":\"Contato - Grupo JSouto\",\"isPartOf\":{\"@id\":\"https:\/\/www.grupojsouto.com.br\/site\/#website\"},\"datePublished\":\"2020-03-27T00:36:07+00:00\",\"dateModified\":\"2025-02-28T19:57:19+00:00\",\"breadcrumb\":{\"@id\":\"https:\/\/www.grupojsouto.com.br\/site\/contato\/#breadcrumb\"},\"inLanguage\":\"pt-BR\",\"potentialAction\":[{\"@type\":\"ReadAction\",\"target\":[\"https:\/\/www.grupojsouto.com.br\/site\/contato\/\"]}]},{\"@type\":\"BreadcrumbList\",\"@id\":\"https:\/\/www.grupojsouto.com.br\/site\/contato\/#breadcrumb\",\"itemListElement\":[{\"@type\":\"ListItem\",\"position\":1,\"name\":\"In\u00edcio\",\"item\":\"https:\/\/www.grupojsouto.com.br\/site\/\"},{\"@type\":\"ListItem\",\"position\":2,\"name\":\"Contato\"}]},{\"@type\":\"WebSite\",\"@id\":\"https:\/\/www.grupojsouto.com.br\/site\/#website\",\"url\":\"https:\/\/www.grupojsouto.com.br\/site\/\",\"name\":\"Grupo JSouto\",\"description\":\"Desde 2002\",\"potentialAction\":[{\"@type\":\"SearchAction\",\"target\":{\"@type\":\"EntryPoint\",\"urlTemplate\":\"https:\/\/www.grupojsouto.com.br\/site\/?s={search_term_string}\"},\"query-input\":{\"@type\":\"PropertyValueSpecification\",\"valueRequired\":true,\"valueName\":\"search_term_string\"}}],\"inLanguage\":\"pt-BR\"}]}<\/script>\n<!-- \/ Yoast SEO plugin. -->","yoast_head_json":{"title":"Contato - Grupo JSouto","robots":{"index":"index","follow":"follow","max-snippet":"max-snippet:-1","max-image-preview":"max-image-preview:large","max-video-preview":"max-video-preview:-1"},"canonical":"https:\/\/www.grupojsouto.com.br\/site\/contato\/","og_locale":"pt_BR","og_type":"article","og_title":"Contato - Grupo JSouto","og_url":"https:\/\/www.grupojsouto.com.br\/site\/contato\/","og_site_name":"Grupo JSouto","article_modified_time":"2025-02-28T19:57:19+00:00","twitter_card":"summary_large_image","twitter_misc":{"Est. tempo de leitura":"1 minuto"},"schema":{"@context":"https:\/\/schema.org","@graph":[{"@type":"WebPage","@id":"https:\/\/www.grupojsouto.com.br\/site\/contato\/","url":"https:\/\/www.grupojsouto.com.br\/site\/contato\/","name":"Contato - Grupo JSouto","isPartOf":{"@id":"https:\/\/www.grupojsouto.com.br\/site\/#website"},"datePublished":"2020-03-27T00:36:07+00:00","dateModified":"2025-02-28T19:57:19+00:00","breadcrumb":{"@id":"https:\/\/www.grupojsouto.com.br\/site\/contato\/#breadcrumb"},"inLanguage":"pt-BR","potentialAction":[{"@type":"ReadAction","target":["https:\/\/www.grupojsouto.com.br\/site\/contato\/"]}]},{"@type":"BreadcrumbList","@id":"https:\/\/www.grupojsouto.com.br\/site\/contato\/#breadcrumb","itemListElement":[{"@type":"ListItem","position":1,"name":"In\u00edcio","item":"https:\/\/www.grupojsouto.com.br\/site\/"},{"@type":"ListItem","position":2,"name":"Contato"}]},{"@type":"WebSite","@id":"https:\/\/www.grupojsouto.com.br\/site\/#website","url":"https:\/\/www.grupojsouto.com.br\/site\/","name":"Grupo JSouto","description":"Desde 2002","potentialAction":[{"@type":"SearchAction","target":{"@type":"EntryPoint","urlTemplate":"https:\/\/www.grupojsouto.com.br\/site\/?s={search_term_string}"},"query-input":{"@type":"PropertyValueSpecification","valueRequired":true,"valueName":"search_term_string"}}],"inLanguage":"pt-BR"}]}},"_links":{"self":[{"href":"https:\/\/www.grupojsouto.com.br\/site\/wp-json\/wp\/v2\/pages\/171"}],"collection":[{"href":"https:\/\/www.grupojsouto.com.br\/site\/wp-json\/wp\/v2\/pages"}],"about":[{"href":"https:\/\/www.grupojsouto.com.br\/site\/wp-json\/wp\/v2\/types\/page"}],"author":[{"embeddable":true,"href":"https:\/\/www.grupojsouto.com.br\/site\/wp-json\/wp\/v2\/users\/1"}],"replies":[{"embeddable":true,"href":"https:\/\/www.grupojsouto.com.br\/site\/wp-json\/wp\/v2\/comments?post=171"}],"version-history":[{"count":13,"href":"https:\/\/www.grupojsouto.com.br\/site\/wp-json\/wp\/v2\/pages\/171\/revisions"}],"predecessor-version":[{"id":360,"href":"https:\/\/www.grupojsouto.com.br\/site\/wp-json\/wp\/v2\/pages\/171\/revisions\/360"}],"wp:attachment":[{"href":"https:\/\/www.grupojsouto.com.br\/site\/wp-json\/wp\/v2\/media?parent=171"}],"curies":[{"name":"wp","href":"https:\/\/api.w.org\/{rel}","templated":true}]}}