{"id":23,"date":"2020-03-25T03:28:26","date_gmt":"2020-03-25T03:28:26","guid":{"rendered":"http:\/\/www.grupojsouto.com.br\/site\/?page_id=23"},"modified":"2026-03-11T21:05:50","modified_gmt":"2026-03-11T21:05:50","slug":"home","status":"publish","type":"page","link":"https:\/\/www.grupojsouto.com.br\/site\/","title":{"rendered":"Home"},"content":{"rendered":"\n\n  <div class=\"banner has-hover\" id=\"banner-1960254752\">\n          <div class=\"banner-inner fill\">\n        <div class=\"banner-bg fill\" >\n            <div class=\"bg fill bg-fill \"><\/div>\n                                    \n                    <\/div>\n        <div class=\"banner-layers container\">\n            <div class=\"fill banner-link\"><\/div>            \n\n   <div id=\"text-box-449952876\" class=\"text-box banner-layer x50 md-x0 lg-x0 y100 md-y100 lg-y100 res-text\">\n                                <div class=\"text-box-content text dark\">\n              \n              <div class=\"text-inner text-left\">\n                  \n\n<div class=\"is-divider divider clearfix\" style=\"background-color:rgb(255, 255, 255);\"><\/div>\n\n\t<div id=\"text-3615767081\" class=\"text\">\n\t\t\n\n<p><span style=\"text-align: left;\">23 anos<\/span><\/p>\n<h1 style=\"text-align: left;\"><span>Executando obras residenciais e comerciais.<\/span><\/h1>\n\t\t\n<style>\n#text-3615767081 {\n  font-size: 0.75rem;\n  color: rgb(255,255,255);\n}\n#text-3615767081 > * {\n  color: rgb(255,255,255);\n}\n<\/style>\n\t<\/div>\n\t\n\n              <\/div>\n           <\/div>\n                            \n<style>\n#text-box-449952876 {\n  width: 87%;\n}\n#text-box-449952876 .text-box-content {\n  font-size: 100%;\n}\n@media (min-width:550px) {\n  #text-box-449952876 {\n    width: 68%;\n  }\n}\n<\/style>\n    <\/div>\n \n\n        <\/div>\n      <\/div>\n\n            \n<style>\n#banner-1960254752 {\n  padding-top: 650px;\n}\n#banner-1960254752 .bg.bg-loaded {\n  background-image: url(https:\/\/www.grupojsouto.com.br\/site\/wp-content\/uploads\/2021\/09\/Prancheta-8.png);\n}\n#banner-1960254752 .bg {\n  background-position: 28% 89%;\n}\n@media (min-width:550px) {\n  #banner-1960254752 {\n    padding-top: 680px;\n  }\n}\n<\/style>\n  <\/div>\n\n\n\t<section class=\"section\" id=\"section_1261696376\">\n\t\t<div class=\"bg section-bg fill bg-fill  bg-loaded\" >\n\n\t\t\t\n\t\t\t\n\t\t\t\n\n\t\t<\/div>\n\n\t\t<div class=\"section-content relative\">\n\t\t\t\n\n<div class=\"row row-collapse row-full-width align-middle\"  id=\"row-209862912\">\n\n\n\t<div id=\"col-1755218910\" class=\"col medium-12 small-12 large-6\"  >\n\t\t\t\t<div class=\"col-inner\" style=\"background-color:rgb(169, 121, 23);\" >\n\t\t\t\n\t\t\t\n\n<div class=\"row\"  id=\"row-355566155\">\n\n\n\t<div id=\"col-1864106303\" class=\"col small-12 large-12\"  >\n\t\t\t\t<div class=\"col-inner dark\"  >\n\t\t\t\n\t\t\t\n\n<div class=\"is-divider divider clearfix\" style=\"margin-top:10px;margin-bottom:10px;background-color:rgb(111, 166, 212);\"><\/div>\n\n<p><span>JSouto<\/span><\/p>\n<h2><span style=\"font-size: 150%;\"> Quem somos <\/span><\/h2>\n<p style=\"text-align: justify;\">Desde 2002 a Construtora JSouto vem fazendo a diferen\u00e7a no ramo da engenharia civil executando obras comerciais e residenciais com um servi\u00e7o de alta qualidade. Ao longo deste tempo ganhamos reconhecimento no mercado, pois nosso diferencial \u00e9 o comprometimento, respeito aos clientes, parceiros, fornecedores e colaboradores. Atuante em todo o territ\u00f3rio nacional, contamos com uma equipe pr\u00f3pria de profissionais que buscam sempre o aperfei\u00e7oamento de suas habilidades atrav\u00e9s de especializa\u00e7\u00f5es, muita dedica\u00e7\u00e3o e estudo detalhado do projeto de cada cliente.<\/p>\n<a href=\"\/site\/quem-somos\" target=\"_self\" class=\"button white is-underline\"  >\n    <span>saiba mais<\/span>\n  <\/a>\n\n\n\n\t\t<\/div>\n\t\t\t\t\t<\/div>\n\n\t\n\n\n<style>\n#row-355566155 > .col > .col-inner {\n  padding: 5% 5% 5% 5%;\n  background-color: rgb(169, 121, 23);\n}\n@media (min-width:550px) {\n  #row-355566155 > .col > .col-inner {\n    padding: 10% 10% 10% 10%;\n  }\n}\n@media (min-width:850px) {\n  #row-355566155 > .col > .col-inner {\n    padding: 15% 15% 15% 15%;\n  }\n}\n<\/style>\n<\/div>\n\n\t\t<\/div>\n\t\t\t\t\t<\/div>\n\n\t\n\n\t<div id=\"col-1570401852\" class=\"col medium-12 small-12 large-6\"  >\n\t\t\t\t<div class=\"col-inner\"  >\n\t\t\t\n\t\t\t\n\n\n  <div class=\"banner has-hover\" id=\"banner-1559409000\">\n          <div class=\"banner-inner fill\">\n        <div class=\"banner-bg fill\" >\n            <div class=\"bg fill bg-fill \"><\/div>\n                                    \n                    <\/div>\n        <div class=\"banner-layers container\">\n            <div class=\"fill banner-link\"><\/div>            \n\n\n        <\/div>\n      <\/div>\n\n            \n<style>\n#banner-1559409000 {\n  padding-top: 75%;\n}\n#banner-1559409000 .bg.bg-loaded {\n  background-image: url(https:\/\/www.grupojsouto.com.br\/site\/wp-content\/uploads\/2021\/09\/Prancheta-13.png);\n}\n#banner-1559409000 .bg {\n  background-position: 48% 55%;\n}\n@media (min-width:550px) {\n  #banner-1559409000 {\n    padding-top: 50%;\n  }\n}\n@media (min-width:850px) {\n  #banner-1559409000 {\n    padding-top: 99.99%;\n  }\n}\n<\/style>\n  <\/div>\n\n\n\n\t\t<\/div>\n\t\t\t\t\t<\/div>\n\n\t\n\n<\/div>\n\n\t\t<\/div>\n\n\t\t\n<style>\n#section_1261696376 {\n  padding-top: 0px;\n  padding-bottom: 0px;\n  background-color: rgb(169, 121, 23);\n}\n<\/style>\n\t<\/section>\n\t\n\t<section class=\"section\" id=\"section_1863233259\">\n\t\t<div class=\"bg section-bg fill bg-fill  bg-loaded\" >\n\n\t\t\t\n\t\t\t\n\t\t\t\n\n\t\t<\/div>\n\n\t\t<div class=\"section-content relative\">\n\t\t\t\n\n<div class=\"row row-collapse row-full-width\"  id=\"row-249681388\">\n\n\n\t<div id=\"col-220600685\" class=\"col medium-4 small-12 large-4\"  >\n\t\t\t\t<div class=\"col-inner\"  >\n\t\t\t\n\t\t\t\n\n\t<div class=\"box has-hover   has-hover box-shade dark box-text-bottom\" >\n\n\t\t<div class=\"box-image\" >\n\t\t\t\t\t\t<div class=\"image-overlay-add image-cover\" style=\"padding-top:120%;\">\n\t\t\t\t<img loading=\"lazy\" decoding=\"async\" width=\"1000\" height=\"667\" src=\"https:\/\/www.grupojsouto.com.br\/site\/wp-content\/uploads\/2021\/09\/Prancheta-7.png\" class=\"attachment- size-\" alt=\"\" srcset=\"https:\/\/www.grupojsouto.com.br\/site\/wp-content\/uploads\/2021\/09\/Prancheta-7.png 1000w, https:\/\/www.grupojsouto.com.br\/site\/wp-content\/uploads\/2021\/09\/Prancheta-7-300x200.png 300w, https:\/\/www.grupojsouto.com.br\/site\/wp-content\/uploads\/2021\/09\/Prancheta-7-768x512.png 768w\" sizes=\"(max-width: 1000px) 100vw, 1000px\" \/>\t\t\t\t<div class=\"overlay\" style=\"background-color:rgba(0, 0, 0, 0.5)\"><\/div>\t\t\t\t<div class=\"shade\"><\/div>\t\t\t<\/div>\n\t\t\t\t\t<\/div>\n\n\t\t<div class=\"box-text text-left is-large\" style=\"padding:0px 40px 40px 40px;\">\n\t\t\t<div class=\"box-text-inner\">\n\t\t\t\t\n\n<h2>Residenciais<\/h2>\n<p>Conhe\u00e7a a nossas obras<\/p>\n<a href=\"\/site\/clientes\" target=\"_self\" class=\"button white is-underline is-xxsmall\"  >\n    <span>ver as obras<\/span>\n  <\/a>\n\n\n\n\t\t\t<\/div>\n\t\t<\/div>\n\t<\/div>\n\t\n\n\t\t<\/div>\n\t\t\t\t\t<\/div>\n\n\t\n\n\t<div id=\"col-281948675\" class=\"col medium-4 small-12 large-4\"  >\n\t\t\t\t<div class=\"col-inner\"  >\n\t\t\t\n\t\t\t\n\n\t<div class=\"box has-hover   has-hover box-shade dark box-text-bottom\" >\n\n\t\t<div class=\"box-image\" >\n\t\t\t\t\t\t<div class=\"image-overlay-add image-cover\" style=\"padding-top:120%;\">\n\t\t\t\t<img loading=\"lazy\" decoding=\"async\" width=\"1000\" height=\"1500\" src=\"https:\/\/www.grupojsouto.com.br\/site\/wp-content\/uploads\/2021\/09\/shopping.jpg\" class=\"attachment- size-\" alt=\"\" srcset=\"https:\/\/www.grupojsouto.com.br\/site\/wp-content\/uploads\/2021\/09\/shopping.jpg 1000w, https:\/\/www.grupojsouto.com.br\/site\/wp-content\/uploads\/2021\/09\/shopping-200x300.jpg 200w, https:\/\/www.grupojsouto.com.br\/site\/wp-content\/uploads\/2021\/09\/shopping-683x1024.jpg 683w, https:\/\/www.grupojsouto.com.br\/site\/wp-content\/uploads\/2021\/09\/shopping-768x1152.jpg 768w\" sizes=\"(max-width: 1000px) 100vw, 1000px\" \/>\t\t\t\t<div class=\"overlay\" style=\"background-color:rgba(0, 0, 0, 0.5)\"><\/div>\t\t\t\t<div class=\"shade\"><\/div>\t\t\t<\/div>\n\t\t\t\t\t<\/div>\n\n\t\t<div class=\"box-text text-left is-large\" style=\"padding:0px 40px 40px 40px;\">\n\t\t\t<div class=\"box-text-inner\">\n\t\t\t\t\n\n<h2>Shoppings<\/h2>\n<p>Confira as lojas e ag\u00eancias<\/p>\n<a href=\"\/site\/clientes\" target=\"_self\" class=\"button white is-underline is-xxsmall\"  >\n    <span>ver as obras<\/span>\n  <\/a>\n\n\n\n\t\t\t<\/div>\n\t\t<\/div>\n\t<\/div>\n\t\n\n\t\t<\/div>\n\t\t\t\t\t<\/div>\n\n\t\n\n\t<div id=\"col-1264356335\" class=\"col medium-4 small-12 large-4\"  >\n\t\t\t\t<div class=\"col-inner\"  >\n\t\t\t\n\t\t\t\n\n\t<div class=\"box has-hover   has-hover box-shade dark box-text-bottom\" >\n\n\t\t<div class=\"box-image\" >\n\t\t\t\t\t\t<div class=\"image-overlay-add image-cover\" style=\"padding-top:120%;\">\n\t\t\t\t<img loading=\"lazy\" decoding=\"async\" width=\"800\" height=\"1058\" src=\"https:\/\/www.grupojsouto.com.br\/site\/wp-content\/uploads\/2020\/03\/patrick-schopflin-BnlNjW3AQZ0-unsplash-edited.jpg\" class=\"attachment- size-\" alt=\"\" srcset=\"https:\/\/www.grupojsouto.com.br\/site\/wp-content\/uploads\/2020\/03\/patrick-schopflin-BnlNjW3AQZ0-unsplash-edited.jpg 800w, https:\/\/www.grupojsouto.com.br\/site\/wp-content\/uploads\/2020\/03\/patrick-schopflin-BnlNjW3AQZ0-unsplash-edited-227x300.jpg 227w, https:\/\/www.grupojsouto.com.br\/site\/wp-content\/uploads\/2020\/03\/patrick-schopflin-BnlNjW3AQZ0-unsplash-edited-774x1024.jpg 774w, https:\/\/www.grupojsouto.com.br\/site\/wp-content\/uploads\/2020\/03\/patrick-schopflin-BnlNjW3AQZ0-unsplash-edited-768x1016.jpg 768w\" sizes=\"(max-width: 800px) 100vw, 800px\" \/>\t\t\t\t<div class=\"overlay\" style=\"background-color:rgba(0, 0, 0, 0.5)\"><\/div>\t\t\t\t<div class=\"shade\"><\/div>\t\t\t<\/div>\n\t\t\t\t\t<\/div>\n\n\t\t<div class=\"box-text text-left is-large\" style=\"padding:0px 40px 40px 40px;\">\n\t\t\t<div class=\"box-text-inner\">\n\t\t\t\t\n\n<h2>Comerciais <\/h2>\n<p>Veja os centros comerciais e Instala\u00e7\u00f5es prediais<\/p>\n<a href=\"\/site\/clientes\" target=\"_self\" class=\"button white is-underline is-xxsmall\"  >\n    <span>ver as obras<\/span>\n  <\/a>\n\n\n\n\t\t\t<\/div>\n\t\t<\/div>\n\t<\/div>\n\t\n\n\t\t<\/div>\n\t\t\t\t\t<\/div>\n\n\t\n\n<\/div>\n\n\t\t<\/div>\n\n\t\t\n<style>\n#section_1863233259 {\n  padding-top: 0px;\n  padding-bottom: 0px;\n}\n<\/style>\n\t<\/section>\n\t\n\t<section class=\"section dark\" id=\"section_774434103\">\n\t\t<div class=\"bg section-bg fill bg-fill  bg-loaded\" >\n\n\t\t\t\n\t\t\t\n\t\t\t\n\n\t\t<\/div>\n\n\t\t<div class=\"section-content relative\">\n\t\t\t\n\n<div class=\"row\"  id=\"row-661471727\">\n\n\n\t<div id=\"col-916186417\" class=\"col medium-6 small-12 large-6\"  >\n\t\t\t\t<div class=\"col-inner\"  >\n\t\t\t\n\t\t\t\n\n<div class=\"is-divider divider clearfix\" style=\"margin-top:10px;margin-bottom:10px;background-color:rgb(169, 121, 23);\"><\/div>\n\n<p>Grupo JSouto<\/p>\n<h2><span style=\"font-size: 150%;\"> Servi\u00e7os JSouto<\/span><\/h2>\n<p style=\"text-align: justify;\">A <a href=\"https:\/\/www.grupojsouto.com.br\/info\/construtora-na-bahia\" style=\"color:#fff;text-decoration:none;\">Construtora JSouto<\/a> oferece servi\u00e7os de qualidade e com agilidade, que s\u00e3o executados por profissionais devidamente qualificados. Contamos com a coopera\u00e7\u00e3o de profissionais em todos os seus segmentos civil, el\u00e9trica, l\u00f3gica, telecomunica\u00e7\u00e3o, hidr\u00e1ulica, pintura entre outras \u00e1reas. Atuamos em diversos ramos da Constru\u00e7\u00e3o Civil, com destaque para a constru\u00e7\u00e3o e reforma de lojas, pr\u00e9dios comerciais, templos e obras p\u00fablicas.<\/p>\n\n<a href=\"\/site\/servicos\" target=\"_self\" class=\"button white is-underline is-smaller\"  >\n    <span>saiba mais<\/span>\n  <\/a>\n\n\n\n\t\t<\/div>\n\t\t\t\t\t<\/div>\n\n\t\n\n\t<div id=\"col-65276535\" class=\"col medium-6 small-12 large-6\"  >\n\t\t\t\t<div class=\"col-inner\"  >\n\t\t\t\n\t\t\t\n\n<div class=\"row align-center\"  id=\"row-2125965420\">\n\n\n\t<div id=\"col-2019343398\" class=\"col medium-8 small-12 large-8\"  >\n\t\t\t\t<div class=\"col-inner\"  >\n\t\t\t\n\t\t\t\n\n\t<div class=\"img has-hover x md-x lg-x y md-y lg-y\" id=\"image_835940344\">\n\t\t\t\t\t\t\t\t<div class=\"img-inner dark\" style=\"margin:0px 0px 20px 0px;\">\n\t\t\t<img loading=\"lazy\" decoding=\"async\" width=\"1020\" height=\"286\" src=\"https:\/\/www.grupojsouto.com.br\/site\/wp-content\/uploads\/2020\/03\/logo-completa-com-dourado-1024x287.png\" class=\"attachment-large size-large\" alt=\"\" srcset=\"https:\/\/www.grupojsouto.com.br\/site\/wp-content\/uploads\/2020\/03\/logo-completa-com-dourado-1024x287.png 1024w, https:\/\/www.grupojsouto.com.br\/site\/wp-content\/uploads\/2020\/03\/logo-completa-com-dourado-300x84.png 300w, https:\/\/www.grupojsouto.com.br\/site\/wp-content\/uploads\/2020\/03\/logo-completa-com-dourado-768x215.png 768w, https:\/\/www.grupojsouto.com.br\/site\/wp-content\/uploads\/2020\/03\/logo-completa-com-dourado-1536x430.png 1536w, https:\/\/www.grupojsouto.com.br\/site\/wp-content\/uploads\/2020\/03\/logo-completa-com-dourado-2048x574.png 2048w\" sizes=\"(max-width: 1020px) 100vw, 1020px\" \/>\t\t\t\t\t\t\n\t\t\t\t\t<\/div>\n\t\t\t\t\t\t\t\t\n<style>\n#image_835940344 {\n  width: 54%;\n}\n@media (min-width:550px) {\n  #image_835940344 {\n    width: 66%;\n  }\n}\n<\/style>\n\t<\/div>\n\t\n\n<p>Rua Arthur de Azevedo Machado, 1459, Salas 2412 a 2417 &#8211; International Trade Center &#8211; Salvador &#8211; BA<br \/>Cep: 41770-790<\/p>\n<a class=\"button white is-link is-smaller\"  >\n    <span>contato@grupojsouto.com.br<\/span>\n  <\/a>\n\n\n\t<div id=\"gap-1966098002\" class=\"gap-element clearfix\" style=\"display:block; height:auto;\">\n\t\t\n<style>\n#gap-1966098002 {\n  padding-top: 10px;\n}\n<\/style>\n\t<\/div>\n\t\n\n<div class=\"social-icons follow-icons\" ><a href=\"https:\/\/www.instagram.com\/construtora.jsouto\/\" target=\"_blank\" rel=\"noopener noreferrer nofollow\" data-label=\"Instagram\" class=\"icon plain  instagram tooltip\" title=\"Follow on Instagram\" aria-label=\"Follow on Instagram\"><i class=\"icon-instagram\" ><\/i><\/a><\/div>\n\n\t<div id=\"gap-1709547536\" class=\"gap-element clearfix\" style=\"display:block; height:auto;\">\n\t\t\n<style>\n#gap-1709547536 {\n  padding-top: 10px;\n}\n<\/style>\n\t<\/div>\n\t\n\n\n\t\t<\/div>\n\t\t\t\t\t<\/div>\n\n\t\n\n<\/div>\n\n\t\t<\/div>\n\t\t\t\t\t<\/div>\n\n\t\n\n<\/div>\n\n\t\t<\/div>\n\n\t\t\n<style>\n#section_774434103 {\n  padding-top: 30px;\n  padding-bottom: 30px;\n  background-color: rgb(0, 51, 78);\n}\n<\/style>\n\t<\/section>\n\t\n\n","protected":false},"excerpt":{"rendered":"","protected":false},"author":1,"featured_media":0,"parent":0,"menu_order":0,"comment_status":"closed","ping_status":"closed","template":"page-transparent-header.php","meta":{"footnotes":""},"class_list":["post-23","page","type-page","status-publish","hentry"],"yoast_head":"<!-- This site is optimized with the Yoast SEO plugin v24.1 - https:\/\/yoast.com\/wordpress\/plugins\/seo\/ -->\n<title>Home - Grupo JSouto<\/title>\n<meta name=\"robots\" content=\"index, follow, max-snippet:-1, max-image-preview:large, max-video-preview:-1\" \/>\n<link rel=\"canonical\" href=\"https:\/\/www.grupojsouto.com.br\/site\/\" \/>\n<meta property=\"og:locale\" content=\"pt_BR\" \/>\n<meta property=\"og:type\" content=\"article\" \/>\n<meta property=\"og:title\" content=\"Home - Grupo JSouto\" \/>\n<meta property=\"og:url\" content=\"https:\/\/www.grupojsouto.com.br\/site\/\" \/>\n<meta property=\"og:site_name\" content=\"Grupo JSouto\" \/>\n<meta property=\"article:modified_time\" content=\"2026-03-11T21:05:50+00:00\" \/>\n<meta name=\"twitter:card\" content=\"summary_large_image\" \/>\n<meta name=\"twitter:label1\" content=\"Est. tempo de leitura\" \/>\n\t<meta name=\"twitter:data1\" content=\"3 minutos\" \/>\n<script type=\"application\/ld+json\" class=\"yoast-schema-graph\">{\"@context\":\"https:\/\/schema.org\",\"@graph\":[{\"@type\":\"WebPage\",\"@id\":\"https:\/\/www.grupojsouto.com.br\/site\/\",\"url\":\"https:\/\/www.grupojsouto.com.br\/site\/\",\"name\":\"Home - Grupo JSouto\",\"isPartOf\":{\"@id\":\"https:\/\/www.grupojsouto.com.br\/site\/#website\"},\"datePublished\":\"2020-03-25T03:28:26+00:00\",\"dateModified\":\"2026-03-11T21:05:50+00:00\",\"breadcrumb\":{\"@id\":\"https:\/\/www.grupojsouto.com.br\/site\/#breadcrumb\"},\"inLanguage\":\"pt-BR\",\"potentialAction\":[{\"@type\":\"ReadAction\",\"target\":[\"https:\/\/www.grupojsouto.com.br\/site\/\"]}]},{\"@type\":\"BreadcrumbList\",\"@id\":\"https:\/\/www.grupojsouto.com.br\/site\/#breadcrumb\",\"itemListElement\":[{\"@type\":\"ListItem\",\"position\":1,\"name\":\"In\u00edcio\",\"item\":\"https:\/\/www.grupojsouto.com.br\/site\/\"},{\"@type\":\"ListItem\",\"position\":2,\"name\":\"Home\"}]},{\"@type\":\"WebSite\",\"@id\":\"https:\/\/www.grupojsouto.com.br\/site\/#website\",\"url\":\"https:\/\/www.grupojsouto.com.br\/site\/\",\"name\":\"Grupo JSouto\",\"description\":\"Desde 2002\",\"potentialAction\":[{\"@type\":\"SearchAction\",\"target\":{\"@type\":\"EntryPoint\",\"urlTemplate\":\"https:\/\/www.grupojsouto.com.br\/site\/?s={search_term_string}\"},\"query-input\":{\"@type\":\"PropertyValueSpecification\",\"valueRequired\":true,\"valueName\":\"search_term_string\"}}],\"inLanguage\":\"pt-BR\"}]}<\/script>\n<!-- \/ Yoast SEO plugin. -->","yoast_head_json":{"title":"Home - Grupo JSouto","robots":{"index":"index","follow":"follow","max-snippet":"max-snippet:-1","max-image-preview":"max-image-preview:large","max-video-preview":"max-video-preview:-1"},"canonical":"https:\/\/www.grupojsouto.com.br\/site\/","og_locale":"pt_BR","og_type":"article","og_title":"Home - Grupo JSouto","og_url":"https:\/\/www.grupojsouto.com.br\/site\/","og_site_name":"Grupo JSouto","article_modified_time":"2026-03-11T21:05:50+00:00","twitter_card":"summary_large_image","twitter_misc":{"Est. tempo de leitura":"3 minutos"},"schema":{"@context":"https:\/\/schema.org","@graph":[{"@type":"WebPage","@id":"https:\/\/www.grupojsouto.com.br\/site\/","url":"https:\/\/www.grupojsouto.com.br\/site\/","name":"Home - Grupo JSouto","isPartOf":{"@id":"https:\/\/www.grupojsouto.com.br\/site\/#website"},"datePublished":"2020-03-25T03:28:26+00:00","dateModified":"2026-03-11T21:05:50+00:00","breadcrumb":{"@id":"https:\/\/www.grupojsouto.com.br\/site\/#breadcrumb"},"inLanguage":"pt-BR","potentialAction":[{"@type":"ReadAction","target":["https:\/\/www.grupojsouto.com.br\/site\/"]}]},{"@type":"BreadcrumbList","@id":"https:\/\/www.grupojsouto.com.br\/site\/#breadcrumb","itemListElement":[{"@type":"ListItem","position":1,"name":"In\u00edcio","item":"https:\/\/www.grupojsouto.com.br\/site\/"},{"@type":"ListItem","position":2,"name":"Home"}]},{"@type":"WebSite","@id":"https:\/\/www.grupojsouto.com.br\/site\/#website","url":"https:\/\/www.grupojsouto.com.br\/site\/","name":"Grupo JSouto","description":"Desde 2002","potentialAction":[{"@type":"SearchAction","target":{"@type":"EntryPoint","urlTemplate":"https:\/\/www.grupojsouto.com.br\/site\/?s={search_term_string}"},"query-input":{"@type":"PropertyValueSpecification","valueRequired":true,"valueName":"search_term_string"}}],"inLanguage":"pt-BR"}]}},"_links":{"self":[{"href":"https:\/\/www.grupojsouto.com.br\/site\/wp-json\/wp\/v2\/pages\/23"}],"collection":[{"href":"https:\/\/www.grupojsouto.com.br\/site\/wp-json\/wp\/v2\/pages"}],"about":[{"href":"https:\/\/www.grupojsouto.com.br\/site\/wp-json\/wp\/v2\/types\/page"}],"author":[{"embeddable":true,"href":"https:\/\/www.grupojsouto.com.br\/site\/wp-json\/wp\/v2\/users\/1"}],"replies":[{"embeddable":true,"href":"https:\/\/www.grupojsouto.com.br\/site\/wp-json\/wp\/v2\/comments?post=23"}],"version-history":[{"count":47,"href":"https:\/\/www.grupojsouto.com.br\/site\/wp-json\/wp\/v2\/pages\/23\/revisions"}],"predecessor-version":[{"id":480,"href":"https:\/\/www.grupojsouto.com.br\/site\/wp-json\/wp\/v2\/pages\/23\/revisions\/480"}],"wp:attachment":[{"href":"https:\/\/www.grupojsouto.com.br\/site\/wp-json\/wp\/v2\/media?parent=23"}],"curies":[{"name":"wp","href":"https:\/\/api.w.org\/{rel}","templated":true}]}}